{"id":126,"date":"2017-01-21T11:58:32","date_gmt":"2017-01-21T11:58:32","guid":{"rendered":"http:\/\/fibaro.is\/?page_id=126"},"modified":"2018-02-21T23:45:28","modified_gmt":"2018-02-21T23:45:28","slug":"about","status":"publish","type":"page","link":"https:\/\/www.fibaro.is\/index.php\/about\/","title":{"rendered":"About"},"content":{"rendered":"<p>Samt\u00edningur ehf er fj\u00f6lskyldufyrirt\u00e6ki sem dreifir og selur h\u00e1g\u00e6\u00f0av\u00f6rur<br \/>\n\u00e1 samkeppnish\u00e6fu ver\u00f0i.<\/p>\n<p>Allar n\u00e1nari uppl\u00fdsingar m\u00e1 n\u00e1lgast hj\u00e1 Andra andri@fibaro.is<br \/>\ne\u00f0a \u00ed s\u00edma 895-5594<\/p>\n<p>&#8211; &#8211; &#8211; &#8211; &#8211; &#8211; &#8211; &#8211; &#8211; &#8211;<\/p>\n<p>Samt\u00edningur ehf is a family run business that distributes and sells high quality products at competitive prices.<\/p>\n<p>To get detailed corporate information contact Andri at andri@fibaro.is<br \/>\nor +354 895-5594<\/p>\n<p>ID. 640815-0350<br \/>\nVat no. 121309<\/p>\n<p>Address: Su\u00f0urgata 55, 220 Hafnarfj\u00f6r\u00f0ur, Iceland<\/p>\n","protected":false},"excerpt":{"rendered":"<p>Samt\u00edningur ehf er fj\u00f6lskyldufyrirt\u00e6ki sem dreifir og selur h\u00e1g\u00e6\u00f0av\u00f6rur \u00e1 samkeppnish\u00e6fu ver\u00f0i. Allar n\u00e1nari uppl\u00fdsingar m\u00e1 n\u00e1lgast hj\u00e1 Andra andri@fibaro.is e\u00f0a \u00ed s\u00edma 895-5594 &#8211; &#8211; &#8211; &#8211; &#8211; &#8211; &#8211; &#8211; &#8211; &#8211; Samt\u00edningur ehf is a family run<\/p>\n","protected":false},"author":1,"featured_media":0,"parent":0,"menu_order":0,"comment_status":"closed","ping_status":"closed","template":"","meta":{"_monsterinsights_skip_tracking":false,"_monsterinsights_sitenote_active":false,"_monsterinsights_sitenote_note":"","_monsterinsights_sitenote_category":0},"yoast_head":"<!-- This site is optimized with the Yoast SEO plugin v17.9 - https:\/\/yoast.com\/wordpress\/plugins\/seo\/ -->\n<title>About - Fibaro h\u00fasstj\u00f3rnarkerfi<\/title>\n<meta name=\"robots\" content=\"index, follow, max-snippet:-1, max-image-preview:large, max-video-preview:-1\" \/>\n<link rel=\"canonical\" href=\"https:\/\/www.fibaro.is\/index.php\/about\/\" \/>\n<meta property=\"og:locale\" content=\"is_IS\" \/>\n<meta property=\"og:type\" content=\"article\" \/>\n<meta property=\"og:title\" content=\"About - Fibaro h\u00fasstj\u00f3rnarkerfi\" \/>\n<meta property=\"og:description\" content=\"Samt\u00edningur ehf er fj\u00f6lskyldufyrirt\u00e6ki sem dreifir og selur h\u00e1g\u00e6\u00f0av\u00f6rur \u00e1 samkeppnish\u00e6fu ver\u00f0i. Allar n\u00e1nari uppl\u00fdsingar m\u00e1 n\u00e1lgast hj\u00e1 Andra andri@fibaro.is e\u00f0a \u00ed s\u00edma 895-5594 &#8211; &#8211; &#8211; &#8211; &#8211; &#8211; &#8211; &#8211; &#8211; &#8211; Samt\u00edningur ehf is a family run\" \/>\n<meta property=\"og:url\" content=\"https:\/\/www.fibaro.is\/index.php\/about\/\" \/>\n<meta property=\"og:site_name\" content=\"Fibaro h\u00fasstj\u00f3rnarkerfi\" \/>\n<meta property=\"article:modified_time\" content=\"2018-02-21T23:45:28+00:00\" \/>\n<meta name=\"twitter:card\" content=\"summary_large_image\" \/>\n<script type=\"application\/ld+json\" class=\"yoast-schema-graph\">{\"@context\":\"https:\/\/schema.org\",\"@graph\":[{\"@type\":\"WebSite\",\"@id\":\"https:\/\/www.fibaro.is\/#website\",\"url\":\"https:\/\/www.fibaro.is\/\",\"name\":\"Fibaro h\\u00fasstj\\u00f3rnarkerfi\",\"description\":\"\",\"potentialAction\":[{\"@type\":\"SearchAction\",\"target\":{\"@type\":\"EntryPoint\",\"urlTemplate\":\"https:\/\/www.fibaro.is\/?s={search_term_string}\"},\"query-input\":\"required name=search_term_string\"}],\"inLanguage\":\"is\"},{\"@type\":\"WebPage\",\"@id\":\"https:\/\/www.fibaro.is\/index.php\/about\/#webpage\",\"url\":\"https:\/\/www.fibaro.is\/index.php\/about\/\",\"name\":\"About - Fibaro h\\u00fasstj\\u00f3rnarkerfi\",\"isPartOf\":{\"@id\":\"https:\/\/www.fibaro.is\/#website\"},\"datePublished\":\"2017-01-21T11:58:32+00:00\",\"dateModified\":\"2018-02-21T23:45:28+00:00\",\"breadcrumb\":{\"@id\":\"https:\/\/www.fibaro.is\/index.php\/about\/#breadcrumb\"},\"inLanguage\":\"is\",\"potentialAction\":[{\"@type\":\"ReadAction\",\"target\":[\"https:\/\/www.fibaro.is\/index.php\/about\/\"]}]},{\"@type\":\"BreadcrumbList\",\"@id\":\"https:\/\/www.fibaro.is\/index.php\/about\/#breadcrumb\",\"itemListElement\":[{\"@type\":\"ListItem\",\"position\":1,\"name\":\"Home\",\"item\":\"https:\/\/www.fibaro.is\/\"},{\"@type\":\"ListItem\",\"position\":2,\"name\":\"About\"}]}]}<\/script>\n<!-- \/ Yoast SEO plugin. -->","yoast_head_json":{"title":"About - Fibaro h\u00fasstj\u00f3rnarkerfi","robots":{"index":"index","follow":"follow","max-snippet":"max-snippet:-1","max-image-preview":"max-image-preview:large","max-video-preview":"max-video-preview:-1"},"canonical":"https:\/\/www.fibaro.is\/index.php\/about\/","og_locale":"is_IS","og_type":"article","og_title":"About - Fibaro h\u00fasstj\u00f3rnarkerfi","og_description":"Samt\u00edningur ehf er fj\u00f6lskyldufyrirt\u00e6ki sem dreifir og selur h\u00e1g\u00e6\u00f0av\u00f6rur \u00e1 samkeppnish\u00e6fu ver\u00f0i. Allar n\u00e1nari uppl\u00fdsingar m\u00e1 n\u00e1lgast hj\u00e1 Andra andri@fibaro.is e\u00f0a \u00ed s\u00edma 895-5594 &#8211; &#8211; &#8211; &#8211; &#8211; &#8211; &#8211; &#8211; &#8211; &#8211; Samt\u00edningur ehf is a family run","og_url":"https:\/\/www.fibaro.is\/index.php\/about\/","og_site_name":"Fibaro h\u00fasstj\u00f3rnarkerfi","article_modified_time":"2018-02-21T23:45:28+00:00","twitter_card":"summary_large_image","schema":{"@context":"https:\/\/schema.org","@graph":[{"@type":"WebSite","@id":"https:\/\/www.fibaro.is\/#website","url":"https:\/\/www.fibaro.is\/","name":"Fibaro h\u00fasstj\u00f3rnarkerfi","description":"","potentialAction":[{"@type":"SearchAction","target":{"@type":"EntryPoint","urlTemplate":"https:\/\/www.fibaro.is\/?s={search_term_string}"},"query-input":"required name=search_term_string"}],"inLanguage":"is"},{"@type":"WebPage","@id":"https:\/\/www.fibaro.is\/index.php\/about\/#webpage","url":"https:\/\/www.fibaro.is\/index.php\/about\/","name":"About - Fibaro h\u00fasstj\u00f3rnarkerfi","isPartOf":{"@id":"https:\/\/www.fibaro.is\/#website"},"datePublished":"2017-01-21T11:58:32+00:00","dateModified":"2018-02-21T23:45:28+00:00","breadcrumb":{"@id":"https:\/\/www.fibaro.is\/index.php\/about\/#breadcrumb"},"inLanguage":"is","potentialAction":[{"@type":"ReadAction","target":["https:\/\/www.fibaro.is\/index.php\/about\/"]}]},{"@type":"BreadcrumbList","@id":"https:\/\/www.fibaro.is\/index.php\/about\/#breadcrumb","itemListElement":[{"@type":"ListItem","position":1,"name":"Home","item":"https:\/\/www.fibaro.is\/"},{"@type":"ListItem","position":2,"name":"About"}]}]}},"_links":{"self":[{"href":"https:\/\/www.fibaro.is\/index.php\/wp-json\/wp\/v2\/pages\/126"}],"collection":[{"href":"https:\/\/www.fibaro.is\/index.php\/wp-json\/wp\/v2\/pages"}],"about":[{"href":"https:\/\/www.fibaro.is\/index.php\/wp-json\/wp\/v2\/types\/page"}],"author":[{"embeddable":true,"href":"https:\/\/www.fibaro.is\/index.php\/wp-json\/wp\/v2\/users\/1"}],"replies":[{"embeddable":true,"href":"https:\/\/www.fibaro.is\/index.php\/wp-json\/wp\/v2\/comments?post=126"}],"version-history":[{"count":5,"href":"https:\/\/www.fibaro.is\/index.php\/wp-json\/wp\/v2\/pages\/126\/revisions"}],"predecessor-version":[{"id":180,"href":"https:\/\/www.fibaro.is\/index.php\/wp-json\/wp\/v2\/pages\/126\/revisions\/180"}],"wp:attachment":[{"href":"https:\/\/www.fibaro.is\/index.php\/wp-json\/wp\/v2\/media?parent=126"}],"curies":[{"name":"wp","href":"https:\/\/api.w.org\/{rel}","templated":true}]}}