{"id":169,"date":"2018-02-21T23:32:06","date_gmt":"2018-02-21T23:32:06","guid":{"rendered":"http:\/\/www.fibaro.is\/?page_id=169"},"modified":"2018-02-21T23:33:00","modified_gmt":"2018-02-21T23:33:00","slug":"home-center-lite-vs-home-center-2","status":"publish","type":"page","link":"https:\/\/www.fibaro.is\/index.php\/home-center-lite-vs-home-center-2\/","title":{"rendered":"Home Center Lite vs Home Center 2"},"content":{"rendered":"<div class=\"wpb_row wf-container\">\n<div class=\"wf-cell wf-span-12 wpb_column column_container \">\n<div class=\"wpb_text_column wpb_content_element \">\n<div class=\"wpb_wrapper\"><strong>Hva\u00f0a Home Center er fyrir mig?<\/strong><\/div>\n<\/div>\n<\/div>\n<\/div>\n<div class=\"wpb_row wf-container\">\n<div class=\"wf-cell wf-span-12 wpb_column column_container \">\n<div class=\"gap\"><\/div>\n<div class=\"wpb_text_column wpb_content_element \">\n<div>Fibaro b\u00fd\u00f0ur upp\u00e1 tv\u00e6r st\u00fdrieiningar, <a href=\"http:\/\/www.fibaro.is\/index.php\/vara\/home-center-lite\/\">Home Center Lite<\/a> og <a href=\"http:\/\/www.fibaro.is\/index.php\/vara\/home-center\/\">Home Center 2<\/a><\/div>\n<div><\/div>\n<\/div>\n<div class=\"gap\">\u00a0\u00a0<img loading=\"lazy\" class=\"alignnone wp-image-171\" src=\"http:\/\/www.fibaro.is\/wp-content\/uploads\/2018\/02\/Fibaro_HCLite.png\" alt=\"\" width=\"209\" height=\"209\" srcset=\"https:\/\/www.fibaro.is\/wp-content\/uploads\/2018\/02\/Fibaro_HCLite.png 902w, https:\/\/www.fibaro.is\/wp-content\/uploads\/2018\/02\/Fibaro_HCLite-130x130.png 130w, https:\/\/www.fibaro.is\/wp-content\/uploads\/2018\/02\/Fibaro_HCLite-100x100.png 100w, https:\/\/www.fibaro.is\/wp-content\/uploads\/2018\/02\/Fibaro_HCLite-400x400.png 400w, https:\/\/www.fibaro.is\/wp-content\/uploads\/2018\/02\/Fibaro_HCLite-300x300.png 300w, https:\/\/www.fibaro.is\/wp-content\/uploads\/2018\/02\/Fibaro_HCLite-215x215.png 215w, https:\/\/www.fibaro.is\/wp-content\/uploads\/2018\/02\/Fibaro_HCLite-768x768.png 768w, https:\/\/www.fibaro.is\/wp-content\/uploads\/2018\/02\/Fibaro_HCLite-270x270.png 270w, https:\/\/www.fibaro.is\/wp-content\/uploads\/2018\/02\/Fibaro_HCLite-230x230.png 230w, https:\/\/www.fibaro.is\/wp-content\/uploads\/2018\/02\/Fibaro_HCLite-185x185.png 185w\" sizes=\"(max-width: 209px) 100vw, 209px\" \/>\u00a0 \u00a0 \u00a0 \u00a0 \u00a0 \u00a0 \u00a0 \u00a0 \u00a0 \u00a0 \u00a0 \u00a0 \u00a0 \u00a0 \u00a0<img loading=\"lazy\" class=\"alignnone size-full wp-image-172\" src=\"http:\/\/www.fibaro.is\/wp-content\/uploads\/2018\/02\/Home-Center-2-Front.jpg\" alt=\"\" width=\"300\" height=\"183\" \/><\/div>\n<\/div>\n<\/div>\n<div class=\"wpb_row wf-container\"><\/div>\n<div class=\"wpb_row wf-container\">\n<div class=\"wf-cell wf-span-12 wpb_column column_container \">\n<div class=\"wpb_text_column wpb_content_element \">\n<div>Taflan a\u00f0 ne\u00f0an s\u00fdnir mismuninn milli Fibaro Home Center Lite og Home Center 2.<\/div>\n<\/div>\n<div class=\"gap\"><\/div>\n<div class=\"wpb_text_column wpb_content_element \">\n<div class=\"wpb_wrapper\">\n<p><strong>Lengdir:<\/strong><\/p>\n<table style=\"height: 116px;\" width=\"678\">\n<tbody>\n<tr>\n<td width=\"200\"><\/td>\n<td width=\"200\"><strong>Home Center Lite<\/strong><\/td>\n<td width=\"200\"><strong>Home Center 2<\/strong><\/td>\n<\/tr>\n<tr>\n<td width=\"200\">St\u00e6r\u00f0(mm)<\/td>\n<td width=\"200\">90 x 90 x 33<\/td>\n<td width=\"200\">225 x 185 x 44<\/td>\n<\/tr>\n<tr>\n<td width=\"200\">\u00c1fer\u00f0<\/td>\n<td width=\"200\">Plast<\/td>\n<td width=\"200\">Bursta\u00f0 \u00e1l<\/td>\n<\/tr>\n<tr>\n<td width=\"200\">\u00deyngd (gr)<\/td>\n<td width=\"200\">485<\/td>\n<td width=\"200\">1000<\/td>\n<\/tr>\n<\/tbody>\n<\/table>\n<p>&nbsp;<\/p>\n<p><strong>V\u00e9lb\u00fana\u00f0ur:<\/strong><\/p>\n<table style=\"height: 118px;\" width=\"684\">\n<tbody>\n<tr>\n<td width=\"200\">\u00d6rgj\u00f6rvi<\/td>\n<td width=\"200\">ARM Corex A8 720MHz<\/td>\n<td width=\"200\">Intel Atom Dual Core 1.6GHz<\/td>\n<\/tr>\n<tr>\n<td width=\"200\">Nettengi<\/td>\n<td width=\"200\">J\u00e1<\/td>\n<td width=\"200\">J\u00e1<\/td>\n<\/tr>\n<tr>\n<td width=\"200\">Aflgjafi<\/td>\n<td width=\"200\">12v DC<\/td>\n<td width=\"200\">12v DC<\/td>\n<\/tr>\n<\/tbody>\n<\/table>\n<p>&nbsp;<\/p>\n<p><strong>A\u00f0ger\u00f0ir:<\/strong><\/p>\n<table style=\"height: 397px;\" width=\"682\">\n<tbody>\n<tr>\n<td width=\"200\">Magic Scenes<\/td>\n<td width=\"200\"><a href=\"http:\/\/www.fibarouk.co.uk\/wp-content\/uploads\/2014\/08\/250px-Green-Tick.svg_.png\"><img loading=\"lazy\" class=\"wp-image-173 aligncenter\" src=\"http:\/\/www.fibaro.is\/wp-content\/uploads\/2018\/02\/Red-Tick-150x150.png\" alt=\"\" width=\"30\" height=\"30\" srcset=\"https:\/\/www.fibaro.is\/wp-content\/uploads\/2018\/02\/Red-Tick-150x150.png 150w, https:\/\/www.fibaro.is\/wp-content\/uploads\/2018\/02\/Red-Tick-150x150-130x130.png 130w, https:\/\/www.fibaro.is\/wp-content\/uploads\/2018\/02\/Red-Tick-150x150-100x100.png 100w\" sizes=\"(max-width: 30px) 100vw, 30px\" \/><\/a><\/td>\n<td width=\"200\"><img loading=\"lazy\" class=\"wp-image-170 aligncenter\" src=\"http:\/\/www.fibaro.is\/wp-content\/uploads\/2018\/02\/250px-Green-Tick.svg_.png\" alt=\"\" width=\"30\" height=\"30\" srcset=\"https:\/\/www.fibaro.is\/wp-content\/uploads\/2018\/02\/250px-Green-Tick.svg_.png 250w, https:\/\/www.fibaro.is\/wp-content\/uploads\/2018\/02\/250px-Green-Tick.svg_-130x130.png 130w, https:\/\/www.fibaro.is\/wp-content\/uploads\/2018\/02\/250px-Green-Tick.svg_-100x100.png 100w, https:\/\/www.fibaro.is\/wp-content\/uploads\/2018\/02\/250px-Green-Tick.svg_-215x215.png 215w, https:\/\/www.fibaro.is\/wp-content\/uploads\/2018\/02\/250px-Green-Tick.svg_-230x230.png 230w, https:\/\/www.fibaro.is\/wp-content\/uploads\/2018\/02\/250px-Green-Tick.svg_-185x185.png 185w\" sizes=\"(max-width: 30px) 100vw, 30px\" \/><\/td>\n<\/tr>\n<tr>\n<td width=\"200\">Graphics Blocks<\/td>\n<td width=\"200\"><img loading=\"lazy\" class=\"wp-image-170 aligncenter\" src=\"http:\/\/www.fibaro.is\/wp-content\/uploads\/2018\/02\/250px-Green-Tick.svg_.png\" alt=\"\" width=\"30\" height=\"30\" srcset=\"https:\/\/www.fibaro.is\/wp-content\/uploads\/2018\/02\/250px-Green-Tick.svg_.png 250w, https:\/\/www.fibaro.is\/wp-content\/uploads\/2018\/02\/250px-Green-Tick.svg_-130x130.png 130w, https:\/\/www.fibaro.is\/wp-content\/uploads\/2018\/02\/250px-Green-Tick.svg_-100x100.png 100w, https:\/\/www.fibaro.is\/wp-content\/uploads\/2018\/02\/250px-Green-Tick.svg_-215x215.png 215w, https:\/\/www.fibaro.is\/wp-content\/uploads\/2018\/02\/250px-Green-Tick.svg_-230x230.png 230w, https:\/\/www.fibaro.is\/wp-content\/uploads\/2018\/02\/250px-Green-Tick.svg_-185x185.png 185w\" sizes=\"(max-width: 30px) 100vw, 30px\" \/><\/td>\n<td width=\"200\"><img loading=\"lazy\" class=\"wp-image-170 aligncenter\" src=\"http:\/\/www.fibaro.is\/wp-content\/uploads\/2018\/02\/250px-Green-Tick.svg_.png\" alt=\"\" width=\"30\" height=\"30\" srcset=\"https:\/\/www.fibaro.is\/wp-content\/uploads\/2018\/02\/250px-Green-Tick.svg_.png 250w, https:\/\/www.fibaro.is\/wp-content\/uploads\/2018\/02\/250px-Green-Tick.svg_-130x130.png 130w, https:\/\/www.fibaro.is\/wp-content\/uploads\/2018\/02\/250px-Green-Tick.svg_-100x100.png 100w, https:\/\/www.fibaro.is\/wp-content\/uploads\/2018\/02\/250px-Green-Tick.svg_-215x215.png 215w, https:\/\/www.fibaro.is\/wp-content\/uploads\/2018\/02\/250px-Green-Tick.svg_-230x230.png 230w, https:\/\/www.fibaro.is\/wp-content\/uploads\/2018\/02\/250px-Green-Tick.svg_-185x185.png 185w\" sizes=\"(max-width: 30px) 100vw, 30px\" \/><\/td>\n<\/tr>\n<tr>\n<td width=\"200\">Lua Coding<\/td>\n<td width=\"200\"><a href=\"http:\/\/www.fibarouk.co.uk\/wp-content\/uploads\/2014\/08\/250px-Green-Tick.svg_.png\"><img loading=\"lazy\" class=\"wp-image-173 aligncenter\" src=\"http:\/\/www.fibaro.is\/wp-content\/uploads\/2018\/02\/Red-Tick-150x150.png\" alt=\"\" width=\"30\" height=\"30\" srcset=\"https:\/\/www.fibaro.is\/wp-content\/uploads\/2018\/02\/Red-Tick-150x150.png 150w, https:\/\/www.fibaro.is\/wp-content\/uploads\/2018\/02\/Red-Tick-150x150-130x130.png 130w, https:\/\/www.fibaro.is\/wp-content\/uploads\/2018\/02\/Red-Tick-150x150-100x100.png 100w\" sizes=\"(max-width: 30px) 100vw, 30px\" \/><\/a><\/td>\n<td width=\"200\"><img loading=\"lazy\" class=\"wp-image-170 aligncenter\" src=\"http:\/\/www.fibaro.is\/wp-content\/uploads\/2018\/02\/250px-Green-Tick.svg_.png\" alt=\"\" width=\"30\" height=\"30\" srcset=\"https:\/\/www.fibaro.is\/wp-content\/uploads\/2018\/02\/250px-Green-Tick.svg_.png 250w, https:\/\/www.fibaro.is\/wp-content\/uploads\/2018\/02\/250px-Green-Tick.svg_-130x130.png 130w, https:\/\/www.fibaro.is\/wp-content\/uploads\/2018\/02\/250px-Green-Tick.svg_-100x100.png 100w, https:\/\/www.fibaro.is\/wp-content\/uploads\/2018\/02\/250px-Green-Tick.svg_-215x215.png 215w, https:\/\/www.fibaro.is\/wp-content\/uploads\/2018\/02\/250px-Green-Tick.svg_-230x230.png 230w, https:\/\/www.fibaro.is\/wp-content\/uploads\/2018\/02\/250px-Green-Tick.svg_-185x185.png 185w\" sizes=\"(max-width: 30px) 100vw, 30px\" \/><\/td>\n<\/tr>\n<tr>\n<td width=\"200\">Virtual Devices (IP Strings)<\/td>\n<td width=\"200\"><img loading=\"lazy\" class=\"wp-image-170 aligncenter\" src=\"http:\/\/www.fibaro.is\/wp-content\/uploads\/2018\/02\/250px-Green-Tick.svg_.png\" alt=\"\" width=\"30\" height=\"30\" srcset=\"https:\/\/www.fibaro.is\/wp-content\/uploads\/2018\/02\/250px-Green-Tick.svg_.png 250w, https:\/\/www.fibaro.is\/wp-content\/uploads\/2018\/02\/250px-Green-Tick.svg_-130x130.png 130w, https:\/\/www.fibaro.is\/wp-content\/uploads\/2018\/02\/250px-Green-Tick.svg_-100x100.png 100w, https:\/\/www.fibaro.is\/wp-content\/uploads\/2018\/02\/250px-Green-Tick.svg_-215x215.png 215w, https:\/\/www.fibaro.is\/wp-content\/uploads\/2018\/02\/250px-Green-Tick.svg_-230x230.png 230w, https:\/\/www.fibaro.is\/wp-content\/uploads\/2018\/02\/250px-Green-Tick.svg_-185x185.png 185w\" sizes=\"(max-width: 30px) 100vw, 30px\" \/><\/td>\n<td width=\"200\"><img loading=\"lazy\" class=\"wp-image-170 aligncenter\" src=\"http:\/\/www.fibaro.is\/wp-content\/uploads\/2018\/02\/250px-Green-Tick.svg_.png\" alt=\"\" width=\"30\" height=\"30\" srcset=\"https:\/\/www.fibaro.is\/wp-content\/uploads\/2018\/02\/250px-Green-Tick.svg_.png 250w, https:\/\/www.fibaro.is\/wp-content\/uploads\/2018\/02\/250px-Green-Tick.svg_-130x130.png 130w, https:\/\/www.fibaro.is\/wp-content\/uploads\/2018\/02\/250px-Green-Tick.svg_-100x100.png 100w, https:\/\/www.fibaro.is\/wp-content\/uploads\/2018\/02\/250px-Green-Tick.svg_-215x215.png 215w, https:\/\/www.fibaro.is\/wp-content\/uploads\/2018\/02\/250px-Green-Tick.svg_-230x230.png 230w, https:\/\/www.fibaro.is\/wp-content\/uploads\/2018\/02\/250px-Green-Tick.svg_-185x185.png 185w\" sizes=\"(max-width: 30px) 100vw, 30px\" \/><\/td>\n<\/tr>\n<tr>\n<td width=\"200\">Virtual Devices (Lua)<\/td>\n<td width=\"200\"><a href=\"http:\/\/www.fibarouk.co.uk\/wp-content\/uploads\/2014\/08\/250px-Green-Tick.svg_.png\"><img loading=\"lazy\" class=\"wp-image-173 aligncenter\" src=\"http:\/\/www.fibaro.is\/wp-content\/uploads\/2018\/02\/Red-Tick-150x150.png\" alt=\"\" width=\"30\" height=\"30\" srcset=\"https:\/\/www.fibaro.is\/wp-content\/uploads\/2018\/02\/Red-Tick-150x150.png 150w, https:\/\/www.fibaro.is\/wp-content\/uploads\/2018\/02\/Red-Tick-150x150-130x130.png 130w, https:\/\/www.fibaro.is\/wp-content\/uploads\/2018\/02\/Red-Tick-150x150-100x100.png 100w\" sizes=\"(max-width: 30px) 100vw, 30px\" \/><\/a><\/td>\n<td width=\"200\"><img loading=\"lazy\" class=\"wp-image-170 aligncenter\" src=\"http:\/\/www.fibaro.is\/wp-content\/uploads\/2018\/02\/250px-Green-Tick.svg_.png\" alt=\"\" width=\"30\" height=\"30\" srcset=\"https:\/\/www.fibaro.is\/wp-content\/uploads\/2018\/02\/250px-Green-Tick.svg_.png 250w, https:\/\/www.fibaro.is\/wp-content\/uploads\/2018\/02\/250px-Green-Tick.svg_-130x130.png 130w, https:\/\/www.fibaro.is\/wp-content\/uploads\/2018\/02\/250px-Green-Tick.svg_-100x100.png 100w, https:\/\/www.fibaro.is\/wp-content\/uploads\/2018\/02\/250px-Green-Tick.svg_-215x215.png 215w, https:\/\/www.fibaro.is\/wp-content\/uploads\/2018\/02\/250px-Green-Tick.svg_-230x230.png 230w, https:\/\/www.fibaro.is\/wp-content\/uploads\/2018\/02\/250px-Green-Tick.svg_-185x185.png 185w\" sizes=\"(max-width: 30px) 100vw, 30px\" \/><\/td>\n<\/tr>\n<tr>\n<td width=\"200\">Voice Commands<\/td>\n<td width=\"200\"><a href=\"http:\/\/www.fibarouk.co.uk\/wp-content\/uploads\/2014\/08\/250px-Green-Tick.svg_.png\"><img loading=\"lazy\" class=\"wp-image-173 aligncenter\" src=\"http:\/\/www.fibaro.is\/wp-content\/uploads\/2018\/02\/Red-Tick-150x150.png\" alt=\"\" width=\"30\" height=\"30\" srcset=\"https:\/\/www.fibaro.is\/wp-content\/uploads\/2018\/02\/Red-Tick-150x150.png 150w, https:\/\/www.fibaro.is\/wp-content\/uploads\/2018\/02\/Red-Tick-150x150-130x130.png 130w, https:\/\/www.fibaro.is\/wp-content\/uploads\/2018\/02\/Red-Tick-150x150-100x100.png 100w\" sizes=\"(max-width: 30px) 100vw, 30px\" \/><\/a><\/td>\n<td width=\"200\"><img loading=\"lazy\" class=\"wp-image-170 aligncenter\" src=\"http:\/\/www.fibaro.is\/wp-content\/uploads\/2018\/02\/250px-Green-Tick.svg_.png\" alt=\"\" width=\"30\" height=\"30\" srcset=\"https:\/\/www.fibaro.is\/wp-content\/uploads\/2018\/02\/250px-Green-Tick.svg_.png 250w, https:\/\/www.fibaro.is\/wp-content\/uploads\/2018\/02\/250px-Green-Tick.svg_-130x130.png 130w, https:\/\/www.fibaro.is\/wp-content\/uploads\/2018\/02\/250px-Green-Tick.svg_-100x100.png 100w, https:\/\/www.fibaro.is\/wp-content\/uploads\/2018\/02\/250px-Green-Tick.svg_-215x215.png 215w, https:\/\/www.fibaro.is\/wp-content\/uploads\/2018\/02\/250px-Green-Tick.svg_-230x230.png 230w, https:\/\/www.fibaro.is\/wp-content\/uploads\/2018\/02\/250px-Green-Tick.svg_-185x185.png 185w\" sizes=\"(max-width: 30px) 100vw, 30px\" \/><\/td>\n<\/tr>\n<tr>\n<td width=\"200\">VoIP<\/td>\n<td width=\"200\"><a href=\"http:\/\/www.fibarouk.co.uk\/wp-content\/uploads\/2014\/08\/250px-Green-Tick.svg_.png\"><img loading=\"lazy\" class=\"wp-image-173 aligncenter\" src=\"http:\/\/www.fibaro.is\/wp-content\/uploads\/2018\/02\/Red-Tick-150x150.png\" alt=\"\" width=\"30\" height=\"30\" srcset=\"https:\/\/www.fibaro.is\/wp-content\/uploads\/2018\/02\/Red-Tick-150x150.png 150w, https:\/\/www.fibaro.is\/wp-content\/uploads\/2018\/02\/Red-Tick-150x150-130x130.png 130w, https:\/\/www.fibaro.is\/wp-content\/uploads\/2018\/02\/Red-Tick-150x150-100x100.png 100w\" sizes=\"(max-width: 30px) 100vw, 30px\" \/><\/a><\/td>\n<td width=\"200\"><img loading=\"lazy\" class=\"wp-image-170 aligncenter\" src=\"http:\/\/www.fibaro.is\/wp-content\/uploads\/2018\/02\/250px-Green-Tick.svg_.png\" alt=\"\" width=\"30\" height=\"30\" srcset=\"https:\/\/www.fibaro.is\/wp-content\/uploads\/2018\/02\/250px-Green-Tick.svg_.png 250w, https:\/\/www.fibaro.is\/wp-content\/uploads\/2018\/02\/250px-Green-Tick.svg_-130x130.png 130w, https:\/\/www.fibaro.is\/wp-content\/uploads\/2018\/02\/250px-Green-Tick.svg_-100x100.png 100w, https:\/\/www.fibaro.is\/wp-content\/uploads\/2018\/02\/250px-Green-Tick.svg_-215x215.png 215w, https:\/\/www.fibaro.is\/wp-content\/uploads\/2018\/02\/250px-Green-Tick.svg_-230x230.png 230w, https:\/\/www.fibaro.is\/wp-content\/uploads\/2018\/02\/250px-Green-Tick.svg_-185x185.png 185w\" sizes=\"(max-width: 30px) 100vw, 30px\" \/><\/td>\n<\/tr>\n<tr>\n<td width=\"200\">Master Gateway<\/td>\n<td width=\"200\"><a href=\"http:\/\/www.fibarouk.co.uk\/wp-content\/uploads\/2014\/08\/250px-Green-Tick.svg_.png\"><img loading=\"lazy\" class=\"wp-image-173 aligncenter\" src=\"http:\/\/www.fibaro.is\/wp-content\/uploads\/2018\/02\/Red-Tick-150x150.png\" alt=\"\" width=\"30\" height=\"30\" srcset=\"https:\/\/www.fibaro.is\/wp-content\/uploads\/2018\/02\/Red-Tick-150x150.png 150w, https:\/\/www.fibaro.is\/wp-content\/uploads\/2018\/02\/Red-Tick-150x150-130x130.png 130w, https:\/\/www.fibaro.is\/wp-content\/uploads\/2018\/02\/Red-Tick-150x150-100x100.png 100w\" sizes=\"(max-width: 30px) 100vw, 30px\" \/><\/a><\/td>\n<td width=\"200\"><img loading=\"lazy\" class=\"wp-image-170 aligncenter\" src=\"http:\/\/www.fibaro.is\/wp-content\/uploads\/2018\/02\/250px-Green-Tick.svg_.png\" alt=\"\" width=\"30\" height=\"30\" srcset=\"https:\/\/www.fibaro.is\/wp-content\/uploads\/2018\/02\/250px-Green-Tick.svg_.png 250w, https:\/\/www.fibaro.is\/wp-content\/uploads\/2018\/02\/250px-Green-Tick.svg_-130x130.png 130w, https:\/\/www.fibaro.is\/wp-content\/uploads\/2018\/02\/250px-Green-Tick.svg_-100x100.png 100w, https:\/\/www.fibaro.is\/wp-content\/uploads\/2018\/02\/250px-Green-Tick.svg_-215x215.png 215w, https:\/\/www.fibaro.is\/wp-content\/uploads\/2018\/02\/250px-Green-Tick.svg_-230x230.png 230w, https:\/\/www.fibaro.is\/wp-content\/uploads\/2018\/02\/250px-Green-Tick.svg_-185x185.png 185w\" sizes=\"(max-width: 30px) 100vw, 30px\" \/><\/td>\n<\/tr>\n<\/tbody>\n<\/table>\n<\/div>\n<\/div>\n<div class=\"gap\"><\/div>\n<\/div>\n<\/div>\n<div class=\"wpb_row wf-container\">\n<div class=\"wf-cell wf-span-12 wpb_column column_container \">\n<div class=\"wpb_text_column wpb_content_element \">\n<div><a href=\"http:\/\/www.fibaro.is\/index.php\/vara\/home-center-lite\/\">Home Center Lite<\/a> er l\u00edtil en samt aflmikil st\u00fdrieining sem getur s\u00e9\u00f0 um margar ger\u00f0ir h\u00fasa og fyrirt\u00e6kja.<\/div>\n<div>\n<p><a href=\"http:\/\/www.fibaro.is\/index.php\/vara\/home-center\/\">Home Center 2<\/a> er me\u00f0 sama vi\u00f0m\u00f3t og notendaupplifun og Home Center Lite en gefur hinsvegar aukinn sveigjanleika og miklu fleiri sj\u00e1lfvirkni m\u00f6guleika en Home Center Lite.<\/p>\n<\/div>\n<\/div>\n<\/div>\n<\/div>\n","protected":false},"excerpt":{"rendered":"<p>Hva\u00f0a Home Center er fyrir mig? Fibaro b\u00fd\u00f0ur upp\u00e1 tv\u00e6r st\u00fdrieiningar, Home Center Lite og Home Center 2 \u00a0\u00a0\u00a0 \u00a0 \u00a0 \u00a0 \u00a0 \u00a0 \u00a0 \u00a0 \u00a0 \u00a0 \u00a0 \u00a0 \u00a0 \u00a0 \u00a0 Taflan a\u00f0 ne\u00f0an s\u00fdnir mismuninn milli Fibaro<\/p>\n","protected":false},"author":1,"featured_media":0,"parent":0,"menu_order":0,"comment_status":"closed","ping_status":"closed","template":"","meta":{"_monsterinsights_skip_tracking":false,"_monsterinsights_sitenote_active":false,"_monsterinsights_sitenote_note":"","_monsterinsights_sitenote_category":0},"yoast_head":"<!-- This site is optimized with the Yoast SEO plugin v17.9 - https:\/\/yoast.com\/wordpress\/plugins\/seo\/ -->\n<title>Home Center Lite vs Home Center 2 - Fibaro h\u00fasstj\u00f3rnarkerfi<\/title>\n<meta name=\"robots\" content=\"index, follow, max-snippet:-1, max-image-preview:large, max-video-preview:-1\" \/>\n<link rel=\"canonical\" href=\"https:\/\/www.fibaro.is\/index.php\/home-center-lite-vs-home-center-2\/\" \/>\n<meta property=\"og:locale\" content=\"is_IS\" \/>\n<meta property=\"og:type\" content=\"article\" \/>\n<meta property=\"og:title\" content=\"Home Center Lite vs Home Center 2 - Fibaro h\u00fasstj\u00f3rnarkerfi\" \/>\n<meta property=\"og:description\" content=\"Hva\u00f0a Home Center er fyrir mig? Fibaro b\u00fd\u00f0ur upp\u00e1 tv\u00e6r st\u00fdrieiningar, Home Center Lite og Home Center 2 \u00a0\u00a0\u00a0 \u00a0 \u00a0 \u00a0 \u00a0 \u00a0 \u00a0 \u00a0 \u00a0 \u00a0 \u00a0 \u00a0 \u00a0 \u00a0 \u00a0 Taflan a\u00f0 ne\u00f0an s\u00fdnir mismuninn milli Fibaro\" \/>\n<meta property=\"og:url\" content=\"https:\/\/www.fibaro.is\/index.php\/home-center-lite-vs-home-center-2\/\" \/>\n<meta property=\"og:site_name\" content=\"Fibaro h\u00fasstj\u00f3rnarkerfi\" \/>\n<meta property=\"article:modified_time\" content=\"2018-02-21T23:33:00+00:00\" \/>\n<meta property=\"og:image\" content=\"http:\/\/www.fibaro.is\/wp-content\/uploads\/2018\/02\/Fibaro_HCLite.png\" \/>\n<meta name=\"twitter:card\" content=\"summary_large_image\" \/>\n<meta name=\"twitter:label1\" content=\"Est. reading time\" \/>\n\t<meta name=\"twitter:data1\" content=\"1 minute\" \/>\n<script type=\"application\/ld+json\" class=\"yoast-schema-graph\">{\"@context\":\"https:\/\/schema.org\",\"@graph\":[{\"@type\":\"WebSite\",\"@id\":\"https:\/\/www.fibaro.is\/#website\",\"url\":\"https:\/\/www.fibaro.is\/\",\"name\":\"Fibaro h\\u00fasstj\\u00f3rnarkerfi\",\"description\":\"\",\"potentialAction\":[{\"@type\":\"SearchAction\",\"target\":{\"@type\":\"EntryPoint\",\"urlTemplate\":\"https:\/\/www.fibaro.is\/?s={search_term_string}\"},\"query-input\":\"required name=search_term_string\"}],\"inLanguage\":\"is\"},{\"@type\":\"ImageObject\",\"@id\":\"https:\/\/www.fibaro.is\/index.php\/home-center-lite-vs-home-center-2\/#primaryimage\",\"inLanguage\":\"is\",\"url\":\"http:\/\/www.fibaro.is\/wp-content\/uploads\/2018\/02\/Fibaro_HCLite.png\",\"contentUrl\":\"http:\/\/www.fibaro.is\/wp-content\/uploads\/2018\/02\/Fibaro_HCLite.png\"},{\"@type\":\"WebPage\",\"@id\":\"https:\/\/www.fibaro.is\/index.php\/home-center-lite-vs-home-center-2\/#webpage\",\"url\":\"https:\/\/www.fibaro.is\/index.php\/home-center-lite-vs-home-center-2\/\",\"name\":\"Home Center Lite vs Home Center 2 - Fibaro h\\u00fasstj\\u00f3rnarkerfi\",\"isPartOf\":{\"@id\":\"https:\/\/www.fibaro.is\/#website\"},\"primaryImageOfPage\":{\"@id\":\"https:\/\/www.fibaro.is\/index.php\/home-center-lite-vs-home-center-2\/#primaryimage\"},\"datePublished\":\"2018-02-21T23:32:06+00:00\",\"dateModified\":\"2018-02-21T23:33:00+00:00\",\"breadcrumb\":{\"@id\":\"https:\/\/www.fibaro.is\/index.php\/home-center-lite-vs-home-center-2\/#breadcrumb\"},\"inLanguage\":\"is\",\"potentialAction\":[{\"@type\":\"ReadAction\",\"target\":[\"https:\/\/www.fibaro.is\/index.php\/home-center-lite-vs-home-center-2\/\"]}]},{\"@type\":\"BreadcrumbList\",\"@id\":\"https:\/\/www.fibaro.is\/index.php\/home-center-lite-vs-home-center-2\/#breadcrumb\",\"itemListElement\":[{\"@type\":\"ListItem\",\"position\":1,\"name\":\"Home\",\"item\":\"https:\/\/www.fibaro.is\/\"},{\"@type\":\"ListItem\",\"position\":2,\"name\":\"Home Center Lite vs Home Center 2\"}]}]}<\/script>\n<!-- \/ Yoast SEO plugin. -->","yoast_head_json":{"title":"Home Center Lite vs Home Center 2 - Fibaro h\u00fasstj\u00f3rnarkerfi","robots":{"index":"index","follow":"follow","max-snippet":"max-snippet:-1","max-image-preview":"max-image-preview:large","max-video-preview":"max-video-preview:-1"},"canonical":"https:\/\/www.fibaro.is\/index.php\/home-center-lite-vs-home-center-2\/","og_locale":"is_IS","og_type":"article","og_title":"Home Center Lite vs Home Center 2 - Fibaro h\u00fasstj\u00f3rnarkerfi","og_description":"Hva\u00f0a Home Center er fyrir mig? Fibaro b\u00fd\u00f0ur upp\u00e1 tv\u00e6r st\u00fdrieiningar, Home Center Lite og Home Center 2 \u00a0\u00a0\u00a0 \u00a0 \u00a0 \u00a0 \u00a0 \u00a0 \u00a0 \u00a0 \u00a0 \u00a0 \u00a0 \u00a0 \u00a0 \u00a0 \u00a0 Taflan a\u00f0 ne\u00f0an s\u00fdnir mismuninn milli Fibaro","og_url":"https:\/\/www.fibaro.is\/index.php\/home-center-lite-vs-home-center-2\/","og_site_name":"Fibaro h\u00fasstj\u00f3rnarkerfi","article_modified_time":"2018-02-21T23:33:00+00:00","og_image":[{"url":"http:\/\/www.fibaro.is\/wp-content\/uploads\/2018\/02\/Fibaro_HCLite.png"}],"twitter_card":"summary_large_image","twitter_misc":{"Est. reading time":"1 minute"},"schema":{"@context":"https:\/\/schema.org","@graph":[{"@type":"WebSite","@id":"https:\/\/www.fibaro.is\/#website","url":"https:\/\/www.fibaro.is\/","name":"Fibaro h\u00fasstj\u00f3rnarkerfi","description":"","potentialAction":[{"@type":"SearchAction","target":{"@type":"EntryPoint","urlTemplate":"https:\/\/www.fibaro.is\/?s={search_term_string}"},"query-input":"required name=search_term_string"}],"inLanguage":"is"},{"@type":"ImageObject","@id":"https:\/\/www.fibaro.is\/index.php\/home-center-lite-vs-home-center-2\/#primaryimage","inLanguage":"is","url":"http:\/\/www.fibaro.is\/wp-content\/uploads\/2018\/02\/Fibaro_HCLite.png","contentUrl":"http:\/\/www.fibaro.is\/wp-content\/uploads\/2018\/02\/Fibaro_HCLite.png"},{"@type":"WebPage","@id":"https:\/\/www.fibaro.is\/index.php\/home-center-lite-vs-home-center-2\/#webpage","url":"https:\/\/www.fibaro.is\/index.php\/home-center-lite-vs-home-center-2\/","name":"Home Center Lite vs Home Center 2 - Fibaro h\u00fasstj\u00f3rnarkerfi","isPartOf":{"@id":"https:\/\/www.fibaro.is\/#website"},"primaryImageOfPage":{"@id":"https:\/\/www.fibaro.is\/index.php\/home-center-lite-vs-home-center-2\/#primaryimage"},"datePublished":"2018-02-21T23:32:06+00:00","dateModified":"2018-02-21T23:33:00+00:00","breadcrumb":{"@id":"https:\/\/www.fibaro.is\/index.php\/home-center-lite-vs-home-center-2\/#breadcrumb"},"inLanguage":"is","potentialAction":[{"@type":"ReadAction","target":["https:\/\/www.fibaro.is\/index.php\/home-center-lite-vs-home-center-2\/"]}]},{"@type":"BreadcrumbList","@id":"https:\/\/www.fibaro.is\/index.php\/home-center-lite-vs-home-center-2\/#breadcrumb","itemListElement":[{"@type":"ListItem","position":1,"name":"Home","item":"https:\/\/www.fibaro.is\/"},{"@type":"ListItem","position":2,"name":"Home Center Lite vs Home Center 2"}]}]}},"_links":{"self":[{"href":"https:\/\/www.fibaro.is\/index.php\/wp-json\/wp\/v2\/pages\/169"}],"collection":[{"href":"https:\/\/www.fibaro.is\/index.php\/wp-json\/wp\/v2\/pages"}],"about":[{"href":"https:\/\/www.fibaro.is\/index.php\/wp-json\/wp\/v2\/types\/page"}],"author":[{"embeddable":true,"href":"https:\/\/www.fibaro.is\/index.php\/wp-json\/wp\/v2\/users\/1"}],"replies":[{"embeddable":true,"href":"https:\/\/www.fibaro.is\/index.php\/wp-json\/wp\/v2\/comments?post=169"}],"version-history":[{"count":2,"href":"https:\/\/www.fibaro.is\/index.php\/wp-json\/wp\/v2\/pages\/169\/revisions"}],"predecessor-version":[{"id":175,"href":"https:\/\/www.fibaro.is\/index.php\/wp-json\/wp\/v2\/pages\/169\/revisions\/175"}],"wp:attachment":[{"href":"https:\/\/www.fibaro.is\/index.php\/wp-json\/wp\/v2\/media?parent=169"}],"curies":[{"name":"wp","href":"https:\/\/api.w.org\/{rel}","templated":true}]}}