{"id":213,"date":"2020-03-07T16:49:38","date_gmt":"2020-03-07T16:49:38","guid":{"rendered":"http:\/\/www.fibaro.is\/?page_id=213"},"modified":"2020-03-07T17:52:12","modified_gmt":"2020-03-07T17:52:12","slug":"home-center-samanburdur","status":"publish","type":"page","link":"https:\/\/www.fibaro.is\/index.php\/home-center-samanburdur\/","title":{"rendered":"Home Center samanbur\u00f0ur"},"content":{"rendered":"<table>\n<tbody>\n<tr>\n<th style=\"text-align: center; font-weight: bold; width:190px;\"><span>Feature<\/span><\/th>\n<th style=\"text-align: center; font-weight: bold; width: 98px;\"><span>Home Center Lite<\/span><\/th>\n<th style=\"text-align: center; font-weight: bold; width: 98px;\"><span>Home Center 2<\/span><\/th>\n<th style=\"text-align: center; font-weight: bold; width: 98px;\"><span>Home Center 3<\/span><\/th>\n<\/tr>\n<tr>\n<td colspan=\"4\" bgcolor=\"#ebedf5\">Software Features<\/td>\n<\/tr>\n<tr>\n<td>Scene Control<\/td>\n<td>&nbsp;<\/td>\n<td>&nbsp;<\/td>\n<td>&nbsp;<\/td>\n<\/tr>\n<tr>\n<td>Graphical Block Scene Editor<\/td>\n<td><img loading=\"lazy\" src=\"\/wp-content\/uploads\/2018\/02\/250px-Green-Tick.svg_.png\" width=\"20\" height=\"20\" alt=\"\"><\/td>\n<td><img loading=\"lazy\" src=\"\/wp-content\/uploads\/2018\/02\/250px-Green-Tick.svg_.png\" width=\"20\" height=\"20\" alt=\"\"><\/td>\n<td><img loading=\"lazy\" src=\"\/wp-content\/uploads\/2018\/02\/250px-Green-Tick.svg_.png\" width=\"20\" height=\"20\" alt=\"\"><\/td>\n<\/tr>\n<tr>\n<td>Magic Scenes<\/td>\n<td><img loading=\"lazy\" src=\"\/wp-content\/uploads\/2018\/02\/250px-Green-Tick.svg_.png\" width=\"20\" height=\"20\" alt=\"\"><\/td>\n<td><img loading=\"lazy\" src=\"\/wp-content\/uploads\/2018\/02\/250px-Green-Tick.svg_.png\" width=\"20\" height=\"20\" alt=\"\"><\/td>\n<td><img loading=\"lazy\" src=\"\/wp-content\/uploads\/2018\/02\/250px-Green-Tick.svg_.png\" width=\"20\" height=\"20\" alt=\"\"><\/td>\n<\/tr>\n<tr>\n<td>LUA Scenes<\/td>\n<td><img loading=\"lazy\" src=\"\/wp-content\/uploads\/2018\/02\/Red-Tick-150x150.png\" width=\"20\" height=\"20\" alt=\"\"><\/td>\n<td><img loading=\"lazy\" src=\"\/wp-content\/uploads\/2018\/02\/250px-Green-Tick.svg_.png\" width=\"20\" height=\"20\" alt=\"\"><\/td>\n<td><img loading=\"lazy\" src=\"\/wp-content\/uploads\/2018\/02\/250px-Green-Tick.svg_.png\" width=\"20\" height=\"20\" alt=\"\"><\/td>\n<\/tr>\n<tr>\n<td>Virtual Devices<\/td>\n<td>&nbsp;<\/td>\n<td>&nbsp;<\/td>\n<td>&nbsp;<\/td>\n<\/tr>\n<tr>\n<td>Virtual Devices &#8211; IP Strings<\/td>\n<td><img loading=\"lazy\" src=\"\/wp-content\/uploads\/2018\/02\/250px-Green-Tick.svg_.png\" width=\"20\" height=\"20\" alt=\"\"><\/td>\n<td><img loading=\"lazy\" src=\"\/wp-content\/uploads\/2018\/02\/250px-Green-Tick.svg_.png\" width=\"20\" height=\"20\" alt=\"\"><\/td>\n<td><img loading=\"lazy\" src=\"\/wp-content\/uploads\/2018\/02\/250px-Green-Tick.svg_.png\" width=\"20\" height=\"20\" alt=\"\"><\/td>\n<\/tr>\n<tr>\n<td>Virtual Devices &#8211; LUA-based<\/td>\n<td><img loading=\"lazy\" src=\"\/wp-content\/uploads\/2018\/02\/Red-Tick-150x150.png\" width=\"20\" height=\"20\" alt=\"\"><\/td>\n<td><img loading=\"lazy\" src=\"\/wp-content\/uploads\/2018\/02\/250px-Green-Tick.svg_.png\" width=\"20\" height=\"20\" alt=\"\"><\/td>\n<td><img loading=\"lazy\" src=\"\/wp-content\/uploads\/2018\/02\/250px-Green-Tick.svg_.png\" width=\"20\" height=\"20\" alt=\"\"><\/td>\n<\/tr>\n<tr>\n<td>General<\/td>\n<td>&nbsp;<\/td>\n<td>&nbsp;<\/td>\n<td>&nbsp;<\/td>\n<\/tr>\n<tr>\n<td>Remote Access<\/td>\n<td><img loading=\"lazy\" src=\"\/wp-content\/uploads\/2018\/02\/250px-Green-Tick.svg_.png\" width=\"20\" height=\"20\" alt=\"\"><\/td>\n<td><img loading=\"lazy\" src=\"\/wp-content\/uploads\/2018\/02\/250px-Green-Tick.svg_.png\" width=\"20\" height=\"20\" alt=\"\"><\/td>\n<td><img loading=\"lazy\" src=\"\/wp-content\/uploads\/2018\/02\/250px-Green-Tick.svg_.png\" width=\"20\" height=\"20\" alt=\"\"><\/td>\n<\/tr>\n<tr>\n<td>Web UI<\/td>\n<td><img loading=\"lazy\" src=\"\/wp-content\/uploads\/2018\/02\/250px-Green-Tick.svg_.png\" width=\"20\" height=\"20\" alt=\"\"><\/td>\n<td><img loading=\"lazy\" src=\"\/wp-content\/uploads\/2018\/02\/250px-Green-Tick.svg_.png\" width=\"20\" height=\"20\" alt=\"\"><\/td>\n<td><img loading=\"lazy\" src=\"\/wp-content\/uploads\/2018\/02\/250px-Green-Tick.svg_.png\" width=\"20\" height=\"20\" alt=\"\"><\/td>\n<\/tr>\n<tr>\n<td>iOS App<\/td>\n<td><img loading=\"lazy\" src=\"\/wp-content\/uploads\/2018\/02\/250px-Green-Tick.svg_.png\" width=\"20\" height=\"20\" alt=\"\"><\/td>\n<td><img loading=\"lazy\" src=\"\/wp-content\/uploads\/2018\/02\/250px-Green-Tick.svg_.png\" width=\"20\" height=\"20\" alt=\"\"><\/td>\n<td><img loading=\"lazy\" src=\"\/wp-content\/uploads\/2018\/02\/250px-Green-Tick.svg_.png\" width=\"20\" height=\"20\" alt=\"\"><\/td>\n<\/tr>\n<tr>\n<td>Android App<\/td>\n<td><img loading=\"lazy\" src=\"\/wp-content\/uploads\/2018\/02\/250px-Green-Tick.svg_.png\" width=\"20\" height=\"20\" alt=\"\"><\/td>\n<td><img loading=\"lazy\" src=\"\/wp-content\/uploads\/2018\/02\/250px-Green-Tick.svg_.png\" width=\"20\" height=\"20\" alt=\"\"><\/td>\n<td><img loading=\"lazy\" src=\"\/wp-content\/uploads\/2018\/02\/250px-Green-Tick.svg_.png\" width=\"20\" height=\"20\" alt=\"\"><\/td>\n<\/tr>\n<tr>\n<td>Fibaro App Widgets<\/td>\n<td><img loading=\"lazy\" src=\"\/wp-content\/uploads\/2018\/02\/250px-Green-Tick.svg_.png\" width=\"20\" height=\"20\" alt=\"\"><\/td>\n<td><img loading=\"lazy\" src=\"\/wp-content\/uploads\/2018\/02\/250px-Green-Tick.svg_.png\" width=\"20\" height=\"20\" alt=\"\"><\/td>\n<td><img loading=\"lazy\" src=\"\/wp-content\/uploads\/2018\/02\/250px-Green-Tick.svg_.png\" width=\"20\" height=\"20\" alt=\"\"><\/td>\n<\/tr>\n<tr>\n<td>Android Wear Support<\/td>\n<td><img loading=\"lazy\" src=\"\/wp-content\/uploads\/2018\/02\/250px-Green-Tick.svg_.png\" width=\"20\" height=\"20\" alt=\"\"><\/td>\n<td><img loading=\"lazy\" src=\"\/wp-content\/uploads\/2018\/02\/250px-Green-Tick.svg_.png\" width=\"20\" height=\"20\" alt=\"\"><\/td>\n<td><img loading=\"lazy\" src=\"\/wp-content\/uploads\/2018\/02\/250px-Green-Tick.svg_.png\" width=\"20\" height=\"20\" alt=\"\"><\/td>\n<\/tr>\n<tr>\n<td>Alexa Voice Assistant<\/td>\n<td><img loading=\"lazy\" src=\"\/wp-content\/uploads\/2018\/02\/250px-Green-Tick.svg_.png\" width=\"20\" height=\"20\" alt=\"\"><\/td>\n<td><img loading=\"lazy\" src=\"\/wp-content\/uploads\/2018\/02\/250px-Green-Tick.svg_.png\" width=\"20\" height=\"20\" alt=\"\"><\/td>\n<td><img loading=\"lazy\" src=\"\/wp-content\/uploads\/2018\/02\/250px-Green-Tick.svg_.png\" width=\"20\" height=\"20\" alt=\"\"><\/td>\n<\/tr>\n<tr>\n<td>Google Assistant<\/td>\n<td><img loading=\"lazy\" src=\"\/wp-content\/uploads\/2018\/02\/250px-Green-Tick.svg_.png\" width=\"20\" height=\"20\" alt=\"\"><\/td>\n<td><img loading=\"lazy\" src=\"\/wp-content\/uploads\/2018\/02\/250px-Green-Tick.svg_.png\" width=\"20\" height=\"20\" alt=\"\"><\/td>\n<td><img loading=\"lazy\" src=\"\/wp-content\/uploads\/2018\/02\/250px-Green-Tick.svg_.png\" width=\"20\" height=\"20\" alt=\"\"><\/td>\n<\/tr>\n<tr>\n<td>Siri (via iOS App Shortcuts)<\/td>\n<td><img loading=\"lazy\" src=\"\/wp-content\/uploads\/2018\/02\/250px-Green-Tick.svg_.png\" width=\"20\" height=\"20\" alt=\"\"><\/td>\n<td><img loading=\"lazy\" src=\"\/wp-content\/uploads\/2018\/02\/250px-Green-Tick.svg_.png\" width=\"20\" height=\"20\" alt=\"\"><\/td>\n<td><img loading=\"lazy\" src=\"\/wp-content\/uploads\/2018\/02\/250px-Green-Tick.svg_.png\" width=\"20\" height=\"20\" alt=\"\"><\/td>\n<\/tr>\n<tr>\n<td>VOIP &#8211; Voice Over IP<\/td>\n<td><img loading=\"lazy\" src=\"\/wp-content\/uploads\/2018\/02\/Red-Tick-150x150.png\" width=\"20\" height=\"20\" alt=\"\"><\/td>\n<td><img loading=\"lazy\" src=\"\/wp-content\/uploads\/2018\/02\/250px-Green-Tick.svg_.png\" width=\"20\" height=\"20\" alt=\"\"><\/td>\n<td><img loading=\"lazy\" src=\"\/wp-content\/uploads\/2018\/02\/250px-Green-Tick.svg_.png\" width=\"20\" height=\"20\" alt=\"\"><\/td>\n<\/tr>\n<tr>\n<td>Master Gateway<\/td>\n<td><img loading=\"lazy\" src=\"\/wp-content\/uploads\/2018\/02\/Red-Tick-150x150.png\" width=\"20\" height=\"20\" alt=\"\"><\/td>\n<td><img loading=\"lazy\" src=\"\/wp-content\/uploads\/2018\/02\/250px-Green-Tick.svg_.png\" width=\"20\" height=\"20\" alt=\"\"><\/td>\n<td><img loading=\"lazy\" src=\"\/wp-content\/uploads\/2018\/02\/250px-Green-Tick.svg_.png\" width=\"20\" height=\"20\" alt=\"\"><\/td>\n<\/tr>\n<tr>\n<td>Geolocation<\/td>\n<td><img loading=\"lazy\" src=\"\/wp-content\/uploads\/2018\/02\/Red-Tick-150x150.png\" width=\"20\" height=\"20\" alt=\"\"><\/td>\n<td><img loading=\"lazy\" src=\"\/wp-content\/uploads\/2018\/02\/250px-Green-Tick.svg_.png\" width=\"20\" height=\"20\" alt=\"\"><\/td>\n<td><img loading=\"lazy\" src=\"\/wp-content\/uploads\/2018\/02\/250px-Green-Tick.svg_.png\" width=\"20\" height=\"20\" alt=\"\"><\/td>\n<\/tr>\n<tr>\n<td>Number of Plug-Ins<\/td>\n<td>Limited to 5<\/td>\n<td>Not limited<\/td>\n<td>Not limited<\/td>\n<\/tr>\n<tr>\n<td>Recovery \/ Backup<\/td>\n<td>Fibaro Cloud Only<\/td>\n<td>Fibaro Cloud &amp; Local USB Drive<\/td>\n<td>Fibaro Cloud &amp; Local Internal<\/td>\n<\/tr>\n<tr>\n<td>Home Automation Support<\/td>\n<td>&nbsp;<\/td>\n<td>&nbsp;<\/td>\n<td>&nbsp;<\/td>\n<\/tr>\n<tr>\n<td>Z-Wave (868.4MHz)<\/td>\n<td><img loading=\"lazy\" src=\"\/wp-content\/uploads\/2018\/02\/250px-Green-Tick.svg_.png\" width=\"20\" height=\"20\" alt=\"\"><\/td>\n<td><img loading=\"lazy\" src=\"\/wp-content\/uploads\/2018\/02\/250px-Green-Tick.svg_.png\" width=\"20\" height=\"20\" alt=\"\"><\/td>\n<td><img loading=\"lazy\" src=\"\/wp-content\/uploads\/2018\/02\/250px-Green-Tick.svg_.png\" width=\"20\" height=\"20\" alt=\"\"><\/td>\n<\/tr>\n<tr>\n<td>Z-Wave Plus (868.4MHz)<\/td>\n<td><img loading=\"lazy\" src=\"\/wp-content\/uploads\/2018\/02\/250px-Green-Tick.svg_.png\" width=\"20\" height=\"20\" alt=\"\"><\/td>\n<td><img loading=\"lazy\" src=\"\/wp-content\/uploads\/2018\/02\/250px-Green-Tick.svg_.png\" width=\"20\" height=\"20\" alt=\"\"><\/td>\n<td><img loading=\"lazy\" src=\"\/wp-content\/uploads\/2018\/02\/250px-Green-Tick.svg_.png\" width=\"20\" height=\"20\" alt=\"\"><\/td>\n<\/tr>\n<tr>\n<td>Z-Wave Protected Mode<\/td>\n<td><img loading=\"lazy\" src=\"\/wp-content\/uploads\/2018\/02\/Red-Tick-150x150.png\" width=\"20\" height=\"20\" alt=\"\"><\/td>\n<td><img loading=\"lazy\" src=\"\/wp-content\/uploads\/2018\/02\/250px-Green-Tick.svg_.png\" width=\"20\" height=\"20\" alt=\"\"><\/td>\n<td><img loading=\"lazy\" src=\"\/wp-content\/uploads\/2018\/02\/250px-Green-Tick.svg_.png\" width=\"20\" height=\"20\" alt=\"\"><\/td>\n<\/tr>\n<tr>\n<td>Recommended No. of Z-Wave Devices<\/td>\n<td>30 &#8211; 50<\/td>\n<td>up to 232<\/td>\n<td>up to 232<\/td>\n<\/tr>\n<tr>\n<td>ZigBee<\/td>\n<td><img loading=\"lazy\" src=\"\/wp-content\/uploads\/2018\/02\/Red-Tick-150x150.png\" width=\"20\" height=\"20\" alt=\"\"><\/td>\n<td><img loading=\"lazy\" src=\"\/wp-content\/uploads\/2018\/02\/Red-Tick-150x150.png\" width=\"20\" height=\"20\" alt=\"\"><\/td>\n<td>**<\/td>\n<\/tr>\n<tr>\n<td>Bluetooth Low Energy (BLE)<\/td>\n<td><img loading=\"lazy\" src=\"\/wp-content\/uploads\/2018\/02\/Red-Tick-150x150.png\" width=\"20\" height=\"20\" alt=\"\"><\/td>\n<td><img loading=\"lazy\" src=\"\/wp-content\/uploads\/2018\/02\/Red-Tick-150x150.png\" width=\"20\" height=\"20\" alt=\"\"><\/td>\n<td>**<\/td>\n<\/tr>\n<tr>\n<td>433MHz (OOK, FSK, GFSK)<\/td>\n<td><img loading=\"lazy\" src=\"\/wp-content\/uploads\/2018\/02\/Red-Tick-150x150.png\" width=\"20\" height=\"20\" alt=\"\"><\/td>\n<td><img loading=\"lazy\" src=\"\/wp-content\/uploads\/2018\/02\/Red-Tick-150x150.png\" width=\"20\" height=\"20\" alt=\"\"><\/td>\n<td>**<\/td>\n<\/tr>\n<tr>\n<td>868MHz (OOK, FSK, GFSK)<\/td>\n<td><img loading=\"lazy\" src=\"\/wp-content\/uploads\/2018\/02\/Red-Tick-150x150.png\" width=\"20\" height=\"20\" alt=\"\"><\/td>\n<td><img loading=\"lazy\" src=\"\/wp-content\/uploads\/2018\/02\/Red-Tick-150x150.png\" width=\"20\" height=\"20\" alt=\"\"><\/td>\n<td>**<\/td>\n<\/tr>\n<tr>\n<td>IP Camera Support<\/td>\n<td><img loading=\"lazy\" src=\"\/wp-content\/uploads\/2018\/02\/250px-Green-Tick.svg_.png\" width=\"20\" height=\"20\" alt=\"\"><\/td>\n<td><img loading=\"lazy\" src=\"\/wp-content\/uploads\/2018\/02\/250px-Green-Tick.svg_.png\" width=\"20\" height=\"20\" alt=\"\"><\/td>\n<td><img loading=\"lazy\" src=\"\/wp-content\/uploads\/2018\/02\/250px-Green-Tick.svg_.png\" width=\"20\" height=\"20\" alt=\"\"><\/td>\n<\/tr>\n<tr>\n<td>Satel Alarm Integration<\/td>\n<td><img loading=\"lazy\" src=\"\/wp-content\/uploads\/2018\/02\/Red-Tick-150x150.png\" width=\"20\" height=\"20\" alt=\"\"><\/td>\n<td><img loading=\"lazy\" src=\"\/wp-content\/uploads\/2018\/02\/250px-Green-Tick.svg_.png\" width=\"20\" height=\"20\" alt=\"\"><\/td>\n<td><img loading=\"lazy\" src=\"\/wp-content\/uploads\/2018\/02\/250px-Green-Tick.svg_.png\" width=\"20\" height=\"20\" alt=\"\"><\/td>\n<\/tr>\n<tr>\n<td colspan=\"4\" bgcolor=\"#ebedf5\">Hardware Features<\/td>\n<\/tr>\n<tr>\n<td>Processor (CPU)<\/td>\n<td>ARM Cortex-A8 (720MHz)<\/td>\n<td>Dual-core Intel Atom (1.6GHz)<\/td>\n<td>Quad-core Arm Cortex A53 (1.2GHz)<\/td>\n<\/tr>\n<tr>\n<td>Memory (RAM)<\/td>\n<td>128MB<\/td>\n<td>1GB<\/td>\n<td>2GB<\/td>\n<\/tr>\n<tr>\n<td>Storage (Flash)<\/td>\n<td>128MB<\/td>\n<td>2GB (+ 4GB Recovery Disc)<\/td>\n<td>8GB<\/td>\n<\/tr>\n<tr>\n<td>Ethernet<\/td>\n<td>10\/100 Base-T<\/td>\n<td>10\/100\/1000 Base-T (Gigabit)<\/td>\n<td>10\/100 Base-T<\/td>\n<\/tr>\n<tr>\n<td>WiFi<\/td>\n<td><img loading=\"lazy\" src=\"\/wp-content\/uploads\/2018\/02\/Red-Tick-150x150.png\" width=\"20\" height=\"20\" alt=\"\"><\/td>\n<td><img loading=\"lazy\" src=\"\/wp-content\/uploads\/2018\/02\/Red-Tick-150x150.png\" width=\"20\" height=\"20\" alt=\"\"><\/td>\n<td>802.11 b\/g\/n\/a\/ac<br \/>2.4GHz \/ 5GHz<\/td>\n<\/tr>\n<tr>\n<td>ZigBee<\/td>\n<td><img loading=\"lazy\" src=\"\/wp-content\/uploads\/2018\/02\/Red-Tick-150x150.png\" width=\"20\" height=\"20\" alt=\"\"><\/td>\n<td><img loading=\"lazy\" src=\"\/wp-content\/uploads\/2018\/02\/Red-Tick-150x150.png\" width=\"20\" height=\"20\" alt=\"\"><\/td>\n<td><img loading=\"lazy\" src=\"\/wp-content\/uploads\/2018\/02\/250px-Green-Tick.svg_.png\" width=\"20\" height=\"20\" alt=\"\"><\/td>\n<\/tr>\n<tr>\n<td>Bluetooth Low Energy (BLE)<\/td>\n<td><img loading=\"lazy\" src=\"\/wp-content\/uploads\/2018\/02\/Red-Tick-150x150.png\" width=\"20\" height=\"20\" alt=\"\"><\/td>\n<td><img loading=\"lazy\" src=\"\/wp-content\/uploads\/2018\/02\/Red-Tick-150x150.png\" width=\"20\" height=\"20\" alt=\"\"><\/td>\n<td><img loading=\"lazy\" src=\"\/wp-content\/uploads\/2018\/02\/250px-Green-Tick.svg_.png\" width=\"20\" height=\"20\" alt=\"\"><\/td>\n<\/tr>\n<tr>\n<td>433MHz<\/td>\n<td><img loading=\"lazy\" src=\"\/wp-content\/uploads\/2018\/02\/Red-Tick-150x150.png\" width=\"20\" height=\"20\" alt=\"\"><\/td>\n<td><img loading=\"lazy\" src=\"\/wp-content\/uploads\/2018\/02\/Red-Tick-150x150.png\" width=\"20\" height=\"20\" alt=\"\"><\/td>\n<td><img loading=\"lazy\" src=\"\/wp-content\/uploads\/2018\/02\/250px-Green-Tick.svg_.png\" width=\"20\" height=\"20\" alt=\"\"><\/td>\n<\/tr>\n<tr>\n<td>868MHz<\/td>\n<td><img loading=\"lazy\" src=\"\/wp-content\/uploads\/2018\/02\/Red-Tick-150x150.png\" width=\"20\" height=\"20\" alt=\"\"><\/td>\n<td><img loading=\"lazy\" src=\"\/wp-content\/uploads\/2018\/02\/Red-Tick-150x150.png\" width=\"20\" height=\"20\" alt=\"\"><\/td>\n<td><img loading=\"lazy\" src=\"\/wp-content\/uploads\/2018\/02\/250px-Green-Tick.svg_.png\" width=\"20\" height=\"20\" alt=\"\"><\/td>\n<\/tr>\n<tr>\n<td>USB Ports<\/td>\n<td>0<\/td>\n<td>4<\/td>\n<td>1<\/td>\n<\/tr>\n<tr>\n<td>Z-Wave Series<\/td>\n<td>300<\/td>\n<td>300<\/td>\n<td>500<\/td>\n<\/tr>\n<tr>\n<td>Case<\/td>\n<td>Plastic<\/td>\n<td>Cast Alloy<\/td>\n<td>Soft-Touch Plastic<\/td>\n<\/tr>\n<tr>\n<td>Dimensions ((LxWxH)<\/td>\n<td>90 x 90 x 33mm<\/td>\n<td>225 x 185 x 42mm<\/td>\n<td>220 x 140 x 35mm<\/td>\n<\/tr>\n<tr>\n<td colspan=\"4\">\n** &#8211; The Fibaro Home Center 3 is hardware ready for these technologies, full support will be added in the future.<\/td>\n<\/tr>\n<\/tbody>\n<\/table>\n","protected":false},"excerpt":{"rendered":"<p>Feature Home Center Lite Home Center 2 Home Center 3 Software Features Scene Control &nbsp; &nbsp; &nbsp; Graphical Block Scene Editor Magic Scenes LUA Scenes Virtual Devices &nbsp; &nbsp; &nbsp; Virtual Devices &#8211; IP Strings Virtual Devices &#8211; LUA-based General<\/p>\n","protected":false},"author":1,"featured_media":0,"parent":0,"menu_order":0,"comment_status":"closed","ping_status":"closed","template":"","meta":{"_monsterinsights_skip_tracking":false,"_monsterinsights_sitenote_active":false,"_monsterinsights_sitenote_note":"","_monsterinsights_sitenote_category":0},"yoast_head":"<!-- This site is optimized with the Yoast SEO plugin v17.9 - https:\/\/yoast.com\/wordpress\/plugins\/seo\/ -->\n<title>Home Center samanbur\u00f0ur - Fibaro h\u00fasstj\u00f3rnarkerfi<\/title>\n<meta name=\"robots\" content=\"index, follow, max-snippet:-1, max-image-preview:large, max-video-preview:-1\" \/>\n<link rel=\"canonical\" href=\"https:\/\/www.fibaro.is\/index.php\/home-center-samanburdur\/\" \/>\n<meta property=\"og:locale\" content=\"is_IS\" \/>\n<meta property=\"og:type\" content=\"article\" \/>\n<meta property=\"og:title\" content=\"Home Center samanbur\u00f0ur - Fibaro h\u00fasstj\u00f3rnarkerfi\" \/>\n<meta property=\"og:description\" content=\"Feature Home Center Lite Home Center 2 Home Center 3 Software Features Scene Control &nbsp; &nbsp; &nbsp; Graphical Block Scene Editor Magic Scenes LUA Scenes Virtual Devices &nbsp; &nbsp; &nbsp; Virtual Devices &#8211; IP Strings Virtual Devices &#8211; LUA-based General\" \/>\n<meta property=\"og:url\" content=\"https:\/\/www.fibaro.is\/index.php\/home-center-samanburdur\/\" \/>\n<meta property=\"og:site_name\" content=\"Fibaro h\u00fasstj\u00f3rnarkerfi\" \/>\n<meta property=\"article:modified_time\" content=\"2020-03-07T17:52:12+00:00\" \/>\n<meta property=\"og:image\" content=\"https:\/\/www.fibaro.is\/wp-content\/uploads\/2018\/02\/250px-Green-Tick.svg_.png\" \/>\n<meta name=\"twitter:card\" content=\"summary_large_image\" \/>\n<meta name=\"twitter:label1\" content=\"Est. reading time\" \/>\n\t<meta name=\"twitter:data1\" content=\"1 minute\" \/>\n<script type=\"application\/ld+json\" class=\"yoast-schema-graph\">{\"@context\":\"https:\/\/schema.org\",\"@graph\":[{\"@type\":\"WebSite\",\"@id\":\"https:\/\/www.fibaro.is\/#website\",\"url\":\"https:\/\/www.fibaro.is\/\",\"name\":\"Fibaro h\\u00fasstj\\u00f3rnarkerfi\",\"description\":\"\",\"potentialAction\":[{\"@type\":\"SearchAction\",\"target\":{\"@type\":\"EntryPoint\",\"urlTemplate\":\"https:\/\/www.fibaro.is\/?s={search_term_string}\"},\"query-input\":\"required name=search_term_string\"}],\"inLanguage\":\"is\"},{\"@type\":\"ImageObject\",\"@id\":\"https:\/\/www.fibaro.is\/index.php\/home-center-samanburdur\/#primaryimage\",\"inLanguage\":\"is\",\"url\":\"\/wp-content\/uploads\/2018\/02\/250px-Green-Tick.svg_.png\",\"contentUrl\":\"\/wp-content\/uploads\/2018\/02\/250px-Green-Tick.svg_.png\"},{\"@type\":\"WebPage\",\"@id\":\"https:\/\/www.fibaro.is\/index.php\/home-center-samanburdur\/#webpage\",\"url\":\"https:\/\/www.fibaro.is\/index.php\/home-center-samanburdur\/\",\"name\":\"Home Center samanbur\\u00f0ur - Fibaro h\\u00fasstj\\u00f3rnarkerfi\",\"isPartOf\":{\"@id\":\"https:\/\/www.fibaro.is\/#website\"},\"primaryImageOfPage\":{\"@id\":\"https:\/\/www.fibaro.is\/index.php\/home-center-samanburdur\/#primaryimage\"},\"datePublished\":\"2020-03-07T16:49:38+00:00\",\"dateModified\":\"2020-03-07T17:52:12+00:00\",\"breadcrumb\":{\"@id\":\"https:\/\/www.fibaro.is\/index.php\/home-center-samanburdur\/#breadcrumb\"},\"inLanguage\":\"is\",\"potentialAction\":[{\"@type\":\"ReadAction\",\"target\":[\"https:\/\/www.fibaro.is\/index.php\/home-center-samanburdur\/\"]}]},{\"@type\":\"BreadcrumbList\",\"@id\":\"https:\/\/www.fibaro.is\/index.php\/home-center-samanburdur\/#breadcrumb\",\"itemListElement\":[{\"@type\":\"ListItem\",\"position\":1,\"name\":\"Home\",\"item\":\"https:\/\/www.fibaro.is\/\"},{\"@type\":\"ListItem\",\"position\":2,\"name\":\"Home Center samanbur\\u00f0ur\"}]}]}<\/script>\n<!-- \/ Yoast SEO plugin. -->","yoast_head_json":{"title":"Home Center samanbur\u00f0ur - Fibaro h\u00fasstj\u00f3rnarkerfi","robots":{"index":"index","follow":"follow","max-snippet":"max-snippet:-1","max-image-preview":"max-image-preview:large","max-video-preview":"max-video-preview:-1"},"canonical":"https:\/\/www.fibaro.is\/index.php\/home-center-samanburdur\/","og_locale":"is_IS","og_type":"article","og_title":"Home Center samanbur\u00f0ur - Fibaro h\u00fasstj\u00f3rnarkerfi","og_description":"Feature Home Center Lite Home Center 2 Home Center 3 Software Features Scene Control &nbsp; &nbsp; &nbsp; Graphical Block Scene Editor Magic Scenes LUA Scenes Virtual Devices &nbsp; &nbsp; &nbsp; Virtual Devices &#8211; IP Strings Virtual Devices &#8211; LUA-based General","og_url":"https:\/\/www.fibaro.is\/index.php\/home-center-samanburdur\/","og_site_name":"Fibaro h\u00fasstj\u00f3rnarkerfi","article_modified_time":"2020-03-07T17:52:12+00:00","og_image":[{"url":"https:\/\/www.fibaro.is\/wp-content\/uploads\/2018\/02\/250px-Green-Tick.svg_.png"}],"twitter_card":"summary_large_image","twitter_misc":{"Est. reading time":"1 minute"},"schema":{"@context":"https:\/\/schema.org","@graph":[{"@type":"WebSite","@id":"https:\/\/www.fibaro.is\/#website","url":"https:\/\/www.fibaro.is\/","name":"Fibaro h\u00fasstj\u00f3rnarkerfi","description":"","potentialAction":[{"@type":"SearchAction","target":{"@type":"EntryPoint","urlTemplate":"https:\/\/www.fibaro.is\/?s={search_term_string}"},"query-input":"required name=search_term_string"}],"inLanguage":"is"},{"@type":"ImageObject","@id":"https:\/\/www.fibaro.is\/index.php\/home-center-samanburdur\/#primaryimage","inLanguage":"is","url":"\/wp-content\/uploads\/2018\/02\/250px-Green-Tick.svg_.png","contentUrl":"\/wp-content\/uploads\/2018\/02\/250px-Green-Tick.svg_.png"},{"@type":"WebPage","@id":"https:\/\/www.fibaro.is\/index.php\/home-center-samanburdur\/#webpage","url":"https:\/\/www.fibaro.is\/index.php\/home-center-samanburdur\/","name":"Home Center samanbur\u00f0ur - Fibaro h\u00fasstj\u00f3rnarkerfi","isPartOf":{"@id":"https:\/\/www.fibaro.is\/#website"},"primaryImageOfPage":{"@id":"https:\/\/www.fibaro.is\/index.php\/home-center-samanburdur\/#primaryimage"},"datePublished":"2020-03-07T16:49:38+00:00","dateModified":"2020-03-07T17:52:12+00:00","breadcrumb":{"@id":"https:\/\/www.fibaro.is\/index.php\/home-center-samanburdur\/#breadcrumb"},"inLanguage":"is","potentialAction":[{"@type":"ReadAction","target":["https:\/\/www.fibaro.is\/index.php\/home-center-samanburdur\/"]}]},{"@type":"BreadcrumbList","@id":"https:\/\/www.fibaro.is\/index.php\/home-center-samanburdur\/#breadcrumb","itemListElement":[{"@type":"ListItem","position":1,"name":"Home","item":"https:\/\/www.fibaro.is\/"},{"@type":"ListItem","position":2,"name":"Home Center samanbur\u00f0ur"}]}]}},"_links":{"self":[{"href":"https:\/\/www.fibaro.is\/index.php\/wp-json\/wp\/v2\/pages\/213"}],"collection":[{"href":"https:\/\/www.fibaro.is\/index.php\/wp-json\/wp\/v2\/pages"}],"about":[{"href":"https:\/\/www.fibaro.is\/index.php\/wp-json\/wp\/v2\/types\/page"}],"author":[{"embeddable":true,"href":"https:\/\/www.fibaro.is\/index.php\/wp-json\/wp\/v2\/users\/1"}],"replies":[{"embeddable":true,"href":"https:\/\/www.fibaro.is\/index.php\/wp-json\/wp\/v2\/comments?post=213"}],"version-history":[{"count":10,"href":"https:\/\/www.fibaro.is\/index.php\/wp-json\/wp\/v2\/pages\/213\/revisions"}],"predecessor-version":[{"id":223,"href":"https:\/\/www.fibaro.is\/index.php\/wp-json\/wp\/v2\/pages\/213\/revisions\/223"}],"wp:attachment":[{"href":"https:\/\/www.fibaro.is\/index.php\/wp-json\/wp\/v2\/media?parent=213"}],"curies":[{"name":"wp","href":"https:\/\/api.w.org\/{rel}","templated":true}]}}