{"id":103,"date":"2016-12-17T22:43:07","date_gmt":"2016-12-17T22:43:07","guid":{"rendered":"http:\/\/fibaro.is\/?post_type=product&#038;p=103"},"modified":"2023-05-16T17:36:25","modified_gmt":"2023-05-16T17:36:25","slug":"led-styring","status":"publish","type":"product","link":"https:\/\/www.fibaro.is\/index.php\/vara\/led-styring\/","title":{"rendered":"Led st\u00fdring"},"content":{"rendered":"<p><strong>FIBARO\u00a0RGBW Controller<\/strong>\u00a0is a universal, Z-Wave compatible RGB\/RGBW controller.\u00a0FIBARO\u00a0RGBW Controller uses PWM output signal, which enables it to control LED, RGB, RGBW strips, halogen lights and fans. Controlled devices may be powered by 12 or 24 VDC. In addition the device supports up to four, 0V \u2013 10V analog sensors, such as temperature sensors, humidity sensors, wind sensors, air quality sensors, light sensors etc. All IN and OUT terminals may be user configured for LED control or 0V-10V signal readouts.<\/p>\n<p>&nbsp;<\/p>\n<h4 class=\"doc-title\">\u00a0<b>Supported loads<\/b><\/h4>\n<div class=\"entry-content\">\n<p>FIBARO\u00a0RGBW Controller may control:<\/p>\n<ul>\n<li>12 \/ 24VDC powered RGB strips<\/li>\n<li>12 \/ 24VDC powered RGBW strips<\/li>\n<li>12 \/ 24VDC powered LED strips, bulbs, etc.<\/li>\n<li>12 \/ 24VDC powered halogen lights<\/li>\n<li>12 \/ 24VDC powered low output power fans<\/li>\n<\/ul>\n<p>&nbsp;<\/p>\n<p>Additional features:<\/p>\n<ul>\n<li>0-10V sensors signal readouts<\/li>\n<li>0-10V potentiometer signal readouts, and managing outputs\u00a0accordingly<\/li>\n<li>controlled by momentary or toggle switches<\/li>\n<\/ul>\n<\/div>\n<p>Uppsetningarlei\u00f0beiningar<\/p>\n<div style=\"width: 640px;\" class=\"wp-video\"><!--[if lt IE 9]><script>document.createElement('video');<\/script><![endif]-->\n<video class=\"wp-video-shortcode\" id=\"video-103-1\" width=\"640\" height=\"360\" preload=\"metadata\" controls=\"controls\"><source type=\"video\/mp4\" src=\"http:\/\/e-learning.fibaro.com\/wp-content\/uploads\/2014\/12\/rgbw-inst.mp4?_=1\" \/><a href=\"http:\/\/e-learning.fibaro.com\/wp-content\/uploads\/2014\/12\/rgbw-inst.mp4\">http:\/\/e-learning.fibaro.com\/wp-content\/uploads\/2014\/12\/rgbw-inst.mp4<\/a><\/video><\/div>\n<p>&nbsp;<\/p>\n<p>H\u00e6gt er a\u00f0 n\u00e1lgast n\u00e1nari uppl\u00fdsingar <a href=\"http:\/\/manuals.fibaro.com\/content\/manuals\/en\/FGRGBWM-441\/FGRGBWM-441-EN-A-v1.1.pdf\">h\u00e9r<\/a><\/p>\n","protected":false},"excerpt":{"rendered":"<ul>\n<li>Compatible with any Z-Wave Controller<\/li>\n<li>Advanced microprocessor control<\/li>\n<li>Different operating modes<\/li>\n<li>Active power and energy metering functionality<\/li>\n<li>Multiple colour presets<\/li>\n<li>Active element:\u00a0transistor<\/li>\n<li>To be installed in standard wall switch boxes<\/li>\n<\/ul>\n","protected":false},"featured_media":104,"comment_status":"closed","ping_status":"closed","template":"","meta":{"_monsterinsights_skip_tracking":false,"_monsterinsights_sitenote_active":false,"_monsterinsights_sitenote_note":"","_monsterinsights_sitenote_category":0},"product_cat":[9],"product_tag":[],"yoast_head":"<!-- This site is optimized with the Yoast SEO plugin v17.9 - https:\/\/yoast.com\/wordpress\/plugins\/seo\/ -->\n<title>Led st\u00fdring - Fibaro h\u00fasstj\u00f3rnarkerfi<\/title>\n<meta name=\"robots\" content=\"index, follow, max-snippet:-1, max-image-preview:large, max-video-preview:-1\" \/>\n<link rel=\"canonical\" href=\"https:\/\/www.fibaro.is\/index.php\/vara\/led-styring\/\" \/>\n<meta property=\"og:locale\" content=\"is_IS\" \/>\n<meta property=\"og:type\" content=\"article\" \/>\n<meta property=\"og:title\" content=\"Led st\u00fdring - Fibaro h\u00fasstj\u00f3rnarkerfi\" \/>\n<meta property=\"og:description\" content=\"Compatible with any Z-Wave Controller  Advanced microprocessor control  Different operating modes  Active power and energy metering functionality  Multiple colour presets  Active element:\u00a0transistor  To be installed in standard wall switch boxes\" \/>\n<meta property=\"og:url\" content=\"https:\/\/www.fibaro.is\/index.php\/vara\/led-styring\/\" \/>\n<meta property=\"og:site_name\" content=\"Fibaro h\u00fasstj\u00f3rnarkerfi\" \/>\n<meta property=\"article:modified_time\" content=\"2023-05-16T17:36:25+00:00\" \/>\n<meta property=\"og:image\" content=\"https:\/\/www.fibaro.is\/wp-content\/uploads\/2016\/12\/RGBW_Right.jpg\" \/>\n\t<meta property=\"og:image:width\" content=\"1000\" \/>\n\t<meta property=\"og:image:height\" content=\"1000\" \/>\n\t<meta property=\"og:image:type\" content=\"image\/jpeg\" \/>\n<meta name=\"twitter:card\" content=\"summary_large_image\" \/>\n<meta name=\"twitter:label1\" content=\"Est. reading time\" \/>\n\t<meta name=\"twitter:data1\" content=\"1 minute\" \/>\n<script type=\"application\/ld+json\" class=\"yoast-schema-graph\">{\"@context\":\"https:\/\/schema.org\",\"@graph\":[{\"@type\":\"WebSite\",\"@id\":\"https:\/\/www.fibaro.is\/#website\",\"url\":\"https:\/\/www.fibaro.is\/\",\"name\":\"Fibaro h\\u00fasstj\\u00f3rnarkerfi\",\"description\":\"\",\"potentialAction\":[{\"@type\":\"SearchAction\",\"target\":{\"@type\":\"EntryPoint\",\"urlTemplate\":\"https:\/\/www.fibaro.is\/?s={search_term_string}\"},\"query-input\":\"required name=search_term_string\"}],\"inLanguage\":\"is\"},{\"@type\":\"ImageObject\",\"@id\":\"https:\/\/www.fibaro.is\/index.php\/vara\/led-styring\/#primaryimage\",\"inLanguage\":\"is\",\"url\":\"https:\/\/www.fibaro.is\/wp-content\/uploads\/2016\/12\/RGBW_Right.jpg\",\"contentUrl\":\"https:\/\/www.fibaro.is\/wp-content\/uploads\/2016\/12\/RGBW_Right.jpg\",\"width\":1000,\"height\":1000},{\"@type\":\"WebPage\",\"@id\":\"https:\/\/www.fibaro.is\/index.php\/vara\/led-styring\/#webpage\",\"url\":\"https:\/\/www.fibaro.is\/index.php\/vara\/led-styring\/\",\"name\":\"Led st\\u00fdring - Fibaro h\\u00fasstj\\u00f3rnarkerfi\",\"isPartOf\":{\"@id\":\"https:\/\/www.fibaro.is\/#website\"},\"primaryImageOfPage\":{\"@id\":\"https:\/\/www.fibaro.is\/index.php\/vara\/led-styring\/#primaryimage\"},\"datePublished\":\"2016-12-17T22:43:07+00:00\",\"dateModified\":\"2023-05-16T17:36:25+00:00\",\"breadcrumb\":{\"@id\":\"https:\/\/www.fibaro.is\/index.php\/vara\/led-styring\/#breadcrumb\"},\"inLanguage\":\"is\",\"potentialAction\":[{\"@type\":\"ReadAction\",\"target\":[\"https:\/\/www.fibaro.is\/index.php\/vara\/led-styring\/\"]}]},{\"@type\":\"BreadcrumbList\",\"@id\":\"https:\/\/www.fibaro.is\/index.php\/vara\/led-styring\/#breadcrumb\",\"itemListElement\":[{\"@type\":\"ListItem\",\"position\":1,\"name\":\"Home\",\"item\":\"https:\/\/www.fibaro.is\/\"},{\"@type\":\"ListItem\",\"position\":2,\"name\":\"V\\u00f6rur\",\"item\":\"https:\/\/www.fibaro.is\/index.php\/shop\/\"},{\"@type\":\"ListItem\",\"position\":3,\"name\":\"Led st\\u00fdring\"}]}]}<\/script>\n<!-- \/ Yoast SEO plugin. -->","yoast_head_json":{"title":"Led st\u00fdring - Fibaro h\u00fasstj\u00f3rnarkerfi","robots":{"index":"index","follow":"follow","max-snippet":"max-snippet:-1","max-image-preview":"max-image-preview:large","max-video-preview":"max-video-preview:-1"},"canonical":"https:\/\/www.fibaro.is\/index.php\/vara\/led-styring\/","og_locale":"is_IS","og_type":"article","og_title":"Led st\u00fdring - Fibaro h\u00fasstj\u00f3rnarkerfi","og_description":"Compatible with any Z-Wave Controller  Advanced microprocessor control  Different operating modes  Active power and energy metering functionality  Multiple colour presets  Active element:\u00a0transistor  To be installed in standard wall switch boxes","og_url":"https:\/\/www.fibaro.is\/index.php\/vara\/led-styring\/","og_site_name":"Fibaro h\u00fasstj\u00f3rnarkerfi","article_modified_time":"2023-05-16T17:36:25+00:00","og_image":[{"width":1000,"height":1000,"url":"https:\/\/www.fibaro.is\/wp-content\/uploads\/2016\/12\/RGBW_Right.jpg","type":"image\/jpeg"}],"twitter_card":"summary_large_image","twitter_misc":{"Est. reading time":"1 minute"},"schema":{"@context":"https:\/\/schema.org","@graph":[{"@type":"WebSite","@id":"https:\/\/www.fibaro.is\/#website","url":"https:\/\/www.fibaro.is\/","name":"Fibaro h\u00fasstj\u00f3rnarkerfi","description":"","potentialAction":[{"@type":"SearchAction","target":{"@type":"EntryPoint","urlTemplate":"https:\/\/www.fibaro.is\/?s={search_term_string}"},"query-input":"required name=search_term_string"}],"inLanguage":"is"},{"@type":"ImageObject","@id":"https:\/\/www.fibaro.is\/index.php\/vara\/led-styring\/#primaryimage","inLanguage":"is","url":"https:\/\/www.fibaro.is\/wp-content\/uploads\/2016\/12\/RGBW_Right.jpg","contentUrl":"https:\/\/www.fibaro.is\/wp-content\/uploads\/2016\/12\/RGBW_Right.jpg","width":1000,"height":1000},{"@type":"WebPage","@id":"https:\/\/www.fibaro.is\/index.php\/vara\/led-styring\/#webpage","url":"https:\/\/www.fibaro.is\/index.php\/vara\/led-styring\/","name":"Led st\u00fdring - Fibaro h\u00fasstj\u00f3rnarkerfi","isPartOf":{"@id":"https:\/\/www.fibaro.is\/#website"},"primaryImageOfPage":{"@id":"https:\/\/www.fibaro.is\/index.php\/vara\/led-styring\/#primaryimage"},"datePublished":"2016-12-17T22:43:07+00:00","dateModified":"2023-05-16T17:36:25+00:00","breadcrumb":{"@id":"https:\/\/www.fibaro.is\/index.php\/vara\/led-styring\/#breadcrumb"},"inLanguage":"is","potentialAction":[{"@type":"ReadAction","target":["https:\/\/www.fibaro.is\/index.php\/vara\/led-styring\/"]}]},{"@type":"BreadcrumbList","@id":"https:\/\/www.fibaro.is\/index.php\/vara\/led-styring\/#breadcrumb","itemListElement":[{"@type":"ListItem","position":1,"name":"Home","item":"https:\/\/www.fibaro.is\/"},{"@type":"ListItem","position":2,"name":"V\u00f6rur","item":"https:\/\/www.fibaro.is\/index.php\/shop\/"},{"@type":"ListItem","position":3,"name":"Led st\u00fdring"}]}]}},"_links":{"self":[{"href":"https:\/\/www.fibaro.is\/index.php\/wp-json\/wp\/v2\/product\/103"}],"collection":[{"href":"https:\/\/www.fibaro.is\/index.php\/wp-json\/wp\/v2\/product"}],"about":[{"href":"https:\/\/www.fibaro.is\/index.php\/wp-json\/wp\/v2\/types\/product"}],"replies":[{"embeddable":true,"href":"https:\/\/www.fibaro.is\/index.php\/wp-json\/wp\/v2\/comments?post=103"}],"wp:featuredmedia":[{"embeddable":true,"href":"https:\/\/www.fibaro.is\/index.php\/wp-json\/wp\/v2\/media\/104"}],"wp:attachment":[{"href":"https:\/\/www.fibaro.is\/index.php\/wp-json\/wp\/v2\/media?parent=103"}],"wp:term":[{"taxonomy":"product_cat","embeddable":true,"href":"https:\/\/www.fibaro.is\/index.php\/wp-json\/wp\/v2\/product_cat?post=103"},{"taxonomy":"product_tag","embeddable":true,"href":"https:\/\/www.fibaro.is\/index.php\/wp-json\/wp\/v2\/product_tag?post=103"}],"curies":[{"name":"wp","href":"https:\/\/api.w.org\/{rel}","templated":true}]}}