{"id":147,"date":"2017-07-15T09:11:10","date_gmt":"2017-07-15T09:11:10","guid":{"rendered":"http:\/\/www.fibaro.is\/?post_type=product&#038;p=147"},"modified":"2020-12-21T19:00:38","modified_gmt":"2020-12-21T19:00:38","slug":"dyrabjalla-ip-dyrasimi-utanaliggjandi","status":"publish","type":"product","link":"https:\/\/www.fibaro.is\/index.php\/vara\/dyrabjalla-ip-dyrasimi-utanaliggjandi\/","title":{"rendered":"Dyrabjalla \/ dyras\u00edmi utan\u00e1liggjandi"},"content":{"rendered":"<p><iframe loading=\"lazy\" title=\"DoorBird Product Demo (EN)\" width=\"750\" height=\"422\" src=\"https:\/\/www.youtube.com\/embed\/bgZAaOgWpro?feature=oembed\" frameborder=\"0\" allow=\"accelerometer; autoplay; clipboard-write; encrypted-media; gyroscope; picture-in-picture\" allowfullscreen><\/iframe><\/p>\n<p>Housing<br \/>\nPolycarbonate, UV-resistant, incl. stainless-steel faceplate F101<\/p>\n<p>Doorbell button<br \/>\nStainless-steel button with illuminated LED ring<\/p>\n<p>Mounting type<br \/>\nSurface-mounted<\/p>\n<p>IP65 Approvals CE, IC, FCC, IP65<\/p>\n<p>Dimensions 157 x 75 x 35\u2009mm (H x W x D) 6,18 x 2,95 x 1,38 in (H x W x D)<\/p>\n<p>Operating conditions -20 to +40\u00b0C \/ -4 to 104\u00b0F Humidity 10 to 85\u2009% RH (non condensing)<\/p>\n<p>Internet<br \/>\nHigh-Speed landline broadband internet connection, DSL, cabel or fiber, min. 500\u2009kbs uploadbandwith, no socksor proxyserver<\/p>\n<p>Network<br \/>\n802.11\u2009b\/g\/n 2.4 GHz or Ethernet network, with DHCP<\/p>\n<p>Recommended installation<br \/>\nCamera lens should be at a min. height of 125 cm (49 in)<\/p>\n<p>Camera<br \/>\nHDTV 720\u2009p, dynamic (VGA \u2013 HDTV)<\/p>\n<p>Lens<br \/>\nHigh-end ultra wide-angle hemispheric lens 180\u00b0 horizontal, 90\u00b0 vertical, straightened, IR-capable<\/p>\n<p>Night-vision<br \/>\nYes, light sensor, automatic IR-cut filter, 12 IR-LEDs<\/p>\n<p>AUDIO<br \/>\nAudio components Speaker and microphone, echo and noise cancellation Audio streaming Two-way duplex<\/p>\n","protected":false},"excerpt":{"rendered":"<p>St\u00f3rgl\u00e6sileg snjall dyrabjalla fr\u00e1 DoorBird<\/p>\n<p>Dyras\u00edmi sem l\u00e6tur s\u00edmann hringja um lei\u00f0 og bjallan \u00fe\u00edn (h\u00e6gt er a\u00f0 tengja vi\u00f0 venjulegar bj\u00f6llur)<\/p>\n<p>Getur s\u00e9\u00f0 hver er fyrir utan sama hvort \u00fe\u00fa ert heima e\u00f0a ekki<\/p>\n<ul>\n<li>Polycarbonate Housing<\/li>\n<li>Strato-Silver Edition incl. Stainless-Steel Faceplate \u2219<\/li>\n<li>Flush-Mounted<\/li>\n<li>HDTV 720\u2009p myndav\u00e9l sem h\u00e6gt er a\u00f0 tengja vi\u00f0 app \u00ed s\u00edmanum<\/li>\n<\/ul>\n<p>Innifali\u00f0:<\/p>\n<ul>\n<li>Video door station,<\/li>\n<li>mounting plate,<\/li>\n<li>power supply unit (world-wide, 110\u2009-\u2009240\u2009V), DIN-rail power supply sold separately,<\/li>\n<li>screw package,<\/li>\n<li>quick start guide<\/li>\n<\/ul>\n<p>Framleitt \u00ed \u00de\u00fdskalandi<\/p>\n","protected":false},"featured_media":148,"comment_status":"closed","ping_status":"closed","template":"","meta":{"_monsterinsights_skip_tracking":false,"_monsterinsights_sitenote_active":false,"_monsterinsights_sitenote_note":"","_monsterinsights_sitenote_category":0},"product_cat":[20,8,9],"product_tag":[],"yoast_head":"<!-- This site is optimized with the Yoast SEO plugin v17.9 - https:\/\/yoast.com\/wordpress\/plugins\/seo\/ -->\n<title>Dyrabjalla \/ dyras\u00edmi utan\u00e1liggjandi - Fibaro h\u00fasstj\u00f3rnarkerfi<\/title>\n<meta name=\"robots\" content=\"index, follow, max-snippet:-1, max-image-preview:large, max-video-preview:-1\" \/>\n<link rel=\"canonical\" href=\"https:\/\/www.fibaro.is\/index.php\/vara\/dyrabjalla-ip-dyrasimi-utanaliggjandi\/\" \/>\n<meta property=\"og:locale\" content=\"is_IS\" \/>\n<meta property=\"og:type\" content=\"article\" \/>\n<meta property=\"og:title\" content=\"Dyrabjalla \/ dyras\u00edmi utan\u00e1liggjandi - Fibaro h\u00fasstj\u00f3rnarkerfi\" \/>\n<meta property=\"og:description\" content=\"St\u00f3rgl\u00e6sileg snjall dyrabjalla fr\u00e1 DoorBird  Dyras\u00edmi sem l\u00e6tur s\u00edmann hringja um lei\u00f0 og bjallan \u00fe\u00edn (h\u00e6gt er a\u00f0 tengja vi\u00f0 venjulegar bj\u00f6llur)  Getur s\u00e9\u00f0 hver er fyrir utan sama hvort \u00fe\u00fa ert heima e\u00f0a ekki   Polycarbonate Housing  Strato-Silver Edition incl. Stainless-Steel Faceplate \u2219  Flush-Mounted  HDTV 720\u2009p myndav\u00e9l sem h\u00e6gt er a\u00f0 tengja vi\u00f0 app \u00ed s\u00edmanum  Innifali\u00f0:   Video door station,  mounting plate,  power supply unit (world-wide, 110\u2009-\u2009240\u2009V), DIN-rail power supply sold separately,  screw package,  quick start guide  Framleitt \u00ed \u00de\u00fdskalandi\" \/>\n<meta property=\"og:url\" content=\"https:\/\/www.fibaro.is\/index.php\/vara\/dyrabjalla-ip-dyrasimi-utanaliggjandi\/\" \/>\n<meta property=\"og:site_name\" content=\"Fibaro h\u00fasstj\u00f3rnarkerfi\" \/>\n<meta property=\"article:modified_time\" content=\"2020-12-21T19:00:38+00:00\" \/>\n<meta property=\"og:image\" content=\"https:\/\/www.fibaro.is\/wp-content\/uploads\/2017\/07\/42604238601931.png\" \/>\n\t<meta property=\"og:image:width\" content=\"403\" \/>\n\t<meta property=\"og:image:height\" content=\"600\" \/>\n\t<meta property=\"og:image:type\" content=\"image\/png\" \/>\n<meta name=\"twitter:card\" content=\"summary_large_image\" \/>\n<meta name=\"twitter:label1\" content=\"Est. reading time\" \/>\n\t<meta name=\"twitter:data1\" content=\"1 minute\" \/>\n<script type=\"application\/ld+json\" class=\"yoast-schema-graph\">{\"@context\":\"https:\/\/schema.org\",\"@graph\":[{\"@type\":\"WebSite\",\"@id\":\"https:\/\/www.fibaro.is\/#website\",\"url\":\"https:\/\/www.fibaro.is\/\",\"name\":\"Fibaro h\\u00fasstj\\u00f3rnarkerfi\",\"description\":\"\",\"potentialAction\":[{\"@type\":\"SearchAction\",\"target\":{\"@type\":\"EntryPoint\",\"urlTemplate\":\"https:\/\/www.fibaro.is\/?s={search_term_string}\"},\"query-input\":\"required name=search_term_string\"}],\"inLanguage\":\"is\"},{\"@type\":\"ImageObject\",\"@id\":\"https:\/\/www.fibaro.is\/index.php\/vara\/dyrabjalla-ip-dyrasimi-utanaliggjandi\/#primaryimage\",\"inLanguage\":\"is\",\"url\":\"https:\/\/www.fibaro.is\/wp-content\/uploads\/2017\/07\/42604238601931.png\",\"contentUrl\":\"https:\/\/www.fibaro.is\/wp-content\/uploads\/2017\/07\/42604238601931.png\",\"width\":403,\"height\":600},{\"@type\":\"WebPage\",\"@id\":\"https:\/\/www.fibaro.is\/index.php\/vara\/dyrabjalla-ip-dyrasimi-utanaliggjandi\/#webpage\",\"url\":\"https:\/\/www.fibaro.is\/index.php\/vara\/dyrabjalla-ip-dyrasimi-utanaliggjandi\/\",\"name\":\"Dyrabjalla \/ dyras\\u00edmi utan\\u00e1liggjandi - Fibaro h\\u00fasstj\\u00f3rnarkerfi\",\"isPartOf\":{\"@id\":\"https:\/\/www.fibaro.is\/#website\"},\"primaryImageOfPage\":{\"@id\":\"https:\/\/www.fibaro.is\/index.php\/vara\/dyrabjalla-ip-dyrasimi-utanaliggjandi\/#primaryimage\"},\"datePublished\":\"2017-07-15T09:11:10+00:00\",\"dateModified\":\"2020-12-21T19:00:38+00:00\",\"breadcrumb\":{\"@id\":\"https:\/\/www.fibaro.is\/index.php\/vara\/dyrabjalla-ip-dyrasimi-utanaliggjandi\/#breadcrumb\"},\"inLanguage\":\"is\",\"potentialAction\":[{\"@type\":\"ReadAction\",\"target\":[\"https:\/\/www.fibaro.is\/index.php\/vara\/dyrabjalla-ip-dyrasimi-utanaliggjandi\/\"]}]},{\"@type\":\"BreadcrumbList\",\"@id\":\"https:\/\/www.fibaro.is\/index.php\/vara\/dyrabjalla-ip-dyrasimi-utanaliggjandi\/#breadcrumb\",\"itemListElement\":[{\"@type\":\"ListItem\",\"position\":1,\"name\":\"Home\",\"item\":\"https:\/\/www.fibaro.is\/\"},{\"@type\":\"ListItem\",\"position\":2,\"name\":\"V\\u00f6rur\",\"item\":\"https:\/\/www.fibaro.is\/index.php\/shop\/\"},{\"@type\":\"ListItem\",\"position\":3,\"name\":\"Dyrabjalla \/ dyras\\u00edmi utan\\u00e1liggjandi\"}]}]}<\/script>\n<!-- \/ Yoast SEO plugin. -->","yoast_head_json":{"title":"Dyrabjalla \/ dyras\u00edmi utan\u00e1liggjandi - Fibaro h\u00fasstj\u00f3rnarkerfi","robots":{"index":"index","follow":"follow","max-snippet":"max-snippet:-1","max-image-preview":"max-image-preview:large","max-video-preview":"max-video-preview:-1"},"canonical":"https:\/\/www.fibaro.is\/index.php\/vara\/dyrabjalla-ip-dyrasimi-utanaliggjandi\/","og_locale":"is_IS","og_type":"article","og_title":"Dyrabjalla \/ dyras\u00edmi utan\u00e1liggjandi - Fibaro h\u00fasstj\u00f3rnarkerfi","og_description":"St\u00f3rgl\u00e6sileg snjall dyrabjalla fr\u00e1 DoorBird  Dyras\u00edmi sem l\u00e6tur s\u00edmann hringja um lei\u00f0 og bjallan \u00fe\u00edn (h\u00e6gt er a\u00f0 tengja vi\u00f0 venjulegar bj\u00f6llur)  Getur s\u00e9\u00f0 hver er fyrir utan sama hvort \u00fe\u00fa ert heima e\u00f0a ekki   Polycarbonate Housing  Strato-Silver Edition incl. Stainless-Steel Faceplate \u2219  Flush-Mounted  HDTV 720\u2009p myndav\u00e9l sem h\u00e6gt er a\u00f0 tengja vi\u00f0 app \u00ed s\u00edmanum  Innifali\u00f0:   Video door station,  mounting plate,  power supply unit (world-wide, 110\u2009-\u2009240\u2009V), DIN-rail power supply sold separately,  screw package,  quick start guide  Framleitt \u00ed \u00de\u00fdskalandi","og_url":"https:\/\/www.fibaro.is\/index.php\/vara\/dyrabjalla-ip-dyrasimi-utanaliggjandi\/","og_site_name":"Fibaro h\u00fasstj\u00f3rnarkerfi","article_modified_time":"2020-12-21T19:00:38+00:00","og_image":[{"width":403,"height":600,"url":"https:\/\/www.fibaro.is\/wp-content\/uploads\/2017\/07\/42604238601931.png","type":"image\/png"}],"twitter_card":"summary_large_image","twitter_misc":{"Est. reading time":"1 minute"},"schema":{"@context":"https:\/\/schema.org","@graph":[{"@type":"WebSite","@id":"https:\/\/www.fibaro.is\/#website","url":"https:\/\/www.fibaro.is\/","name":"Fibaro h\u00fasstj\u00f3rnarkerfi","description":"","potentialAction":[{"@type":"SearchAction","target":{"@type":"EntryPoint","urlTemplate":"https:\/\/www.fibaro.is\/?s={search_term_string}"},"query-input":"required name=search_term_string"}],"inLanguage":"is"},{"@type":"ImageObject","@id":"https:\/\/www.fibaro.is\/index.php\/vara\/dyrabjalla-ip-dyrasimi-utanaliggjandi\/#primaryimage","inLanguage":"is","url":"https:\/\/www.fibaro.is\/wp-content\/uploads\/2017\/07\/42604238601931.png","contentUrl":"https:\/\/www.fibaro.is\/wp-content\/uploads\/2017\/07\/42604238601931.png","width":403,"height":600},{"@type":"WebPage","@id":"https:\/\/www.fibaro.is\/index.php\/vara\/dyrabjalla-ip-dyrasimi-utanaliggjandi\/#webpage","url":"https:\/\/www.fibaro.is\/index.php\/vara\/dyrabjalla-ip-dyrasimi-utanaliggjandi\/","name":"Dyrabjalla \/ dyras\u00edmi utan\u00e1liggjandi - Fibaro h\u00fasstj\u00f3rnarkerfi","isPartOf":{"@id":"https:\/\/www.fibaro.is\/#website"},"primaryImageOfPage":{"@id":"https:\/\/www.fibaro.is\/index.php\/vara\/dyrabjalla-ip-dyrasimi-utanaliggjandi\/#primaryimage"},"datePublished":"2017-07-15T09:11:10+00:00","dateModified":"2020-12-21T19:00:38+00:00","breadcrumb":{"@id":"https:\/\/www.fibaro.is\/index.php\/vara\/dyrabjalla-ip-dyrasimi-utanaliggjandi\/#breadcrumb"},"inLanguage":"is","potentialAction":[{"@type":"ReadAction","target":["https:\/\/www.fibaro.is\/index.php\/vara\/dyrabjalla-ip-dyrasimi-utanaliggjandi\/"]}]},{"@type":"BreadcrumbList","@id":"https:\/\/www.fibaro.is\/index.php\/vara\/dyrabjalla-ip-dyrasimi-utanaliggjandi\/#breadcrumb","itemListElement":[{"@type":"ListItem","position":1,"name":"Home","item":"https:\/\/www.fibaro.is\/"},{"@type":"ListItem","position":2,"name":"V\u00f6rur","item":"https:\/\/www.fibaro.is\/index.php\/shop\/"},{"@type":"ListItem","position":3,"name":"Dyrabjalla \/ dyras\u00edmi utan\u00e1liggjandi"}]}]}},"_links":{"self":[{"href":"https:\/\/www.fibaro.is\/index.php\/wp-json\/wp\/v2\/product\/147"}],"collection":[{"href":"https:\/\/www.fibaro.is\/index.php\/wp-json\/wp\/v2\/product"}],"about":[{"href":"https:\/\/www.fibaro.is\/index.php\/wp-json\/wp\/v2\/types\/product"}],"replies":[{"embeddable":true,"href":"https:\/\/www.fibaro.is\/index.php\/wp-json\/wp\/v2\/comments?post=147"}],"wp:featuredmedia":[{"embeddable":true,"href":"https:\/\/www.fibaro.is\/index.php\/wp-json\/wp\/v2\/media\/148"}],"wp:attachment":[{"href":"https:\/\/www.fibaro.is\/index.php\/wp-json\/wp\/v2\/media?parent=147"}],"wp:term":[{"taxonomy":"product_cat","embeddable":true,"href":"https:\/\/www.fibaro.is\/index.php\/wp-json\/wp\/v2\/product_cat?post=147"},{"taxonomy":"product_tag","embeddable":true,"href":"https:\/\/www.fibaro.is\/index.php\/wp-json\/wp\/v2\/product_tag?post=147"}],"curies":[{"name":"wp","href":"https:\/\/api.w.org\/{rel}","templated":true}]}}