{"id":210,"date":"2020-02-18T08:28:00","date_gmt":"2020-02-18T08:28:00","guid":{"rendered":"http:\/\/www.fibaro.is\/?post_type=product&#038;p=210"},"modified":"2020-05-24T20:10:45","modified_gmt":"2020-05-24T20:10:45","slug":"home-center-3","status":"publish","type":"product","link":"https:\/\/www.fibaro.is\/index.php\/vara\/home-center-3\/","title":{"rendered":"Home Center 3"},"content":{"rendered":"<p>Home Center 3 er heilinn \u00ed Fibaro kerfinu, e\u00f0a hva\u00f0a Z-Wave bygg\u00f0u heimastj\u00f3rnkerfi sem er.<\/p>\n<p>Home Center 3 var hanna\u00f0 og \u00fer\u00f3a\u00f0 af verkfr\u00e6\u00f0ingum Fibaro, \u00feannig a\u00f0 h\u00e6gt v\u00e6ri a\u00f0 framlei\u00f0a marga einstaka eiginleika sem aldrei sj\u00e1st \u00ed samb\u00e6rilegum b\u00fana\u00f0i. Home Center 3 endurskilgreinir Z-Wave bygg\u00f0 heimastj\u00f3rnunarkerfi og kynnir alv\u00f6ru Snjallheimili.<\/p>\n<p>&nbsp;<\/p>\n<p><iframe loading=\"lazy\" width=\"750\" height=\"422\" src=\"https:\/\/www.youtube.com\/embed\/BEGbiR-gfXo?feature=oembed\" frameborder=\"0\" allow=\"accelerometer; autoplay; encrypted-media; gyroscope; picture-in-picture\" allowfullscreen><\/iframe><\/p>\n","protected":false},"excerpt":{"rendered":"<p>N\u00fdjasta stj\u00f3rnst\u00f6\u00f0in fr\u00e1 Fibaro.<\/p>\n<p><a href=\"http:\/\/www.fibaro.is\/index.php\/home-center-samanburdur\/\">N\u00e1nar <\/a>um Home Center Lite vs Home Center 3<\/p>\n<p>&nbsp;<\/p>\n<p>&nbsp;<\/p>\n","protected":false},"featured_media":212,"comment_status":"closed","ping_status":"closed","template":"","meta":{"_monsterinsights_skip_tracking":false,"_monsterinsights_sitenote_active":false,"_monsterinsights_sitenote_note":"","_monsterinsights_sitenote_category":0},"product_cat":[7],"product_tag":[],"yoast_head":"<!-- This site is optimized with the Yoast SEO plugin v17.9 - https:\/\/yoast.com\/wordpress\/plugins\/seo\/ -->\n<title>Home Center 3 - Fibaro h\u00fasstj\u00f3rnarkerfi<\/title>\n<meta name=\"robots\" content=\"index, follow, max-snippet:-1, max-image-preview:large, max-video-preview:-1\" \/>\n<link rel=\"canonical\" href=\"https:\/\/www.fibaro.is\/index.php\/vara\/home-center-3\/\" \/>\n<meta property=\"og:locale\" content=\"is_IS\" \/>\n<meta property=\"og:type\" content=\"article\" \/>\n<meta property=\"og:title\" content=\"Home Center 3 - Fibaro h\u00fasstj\u00f3rnarkerfi\" \/>\n<meta property=\"og:description\" content=\"N\u00fdjasta stj\u00f3rnst\u00f6\u00f0in fr\u00e1 Fibaro.  N\u00e1nar um Home Center Lite vs Home Center 3  &nbsp;  &nbsp;\" \/>\n<meta property=\"og:url\" content=\"https:\/\/www.fibaro.is\/index.php\/vara\/home-center-3\/\" \/>\n<meta property=\"og:site_name\" content=\"Fibaro h\u00fasstj\u00f3rnarkerfi\" \/>\n<meta property=\"article:modified_time\" content=\"2020-05-24T20:10:45+00:00\" \/>\n<meta property=\"og:image\" content=\"https:\/\/www.fibaro.is\/wp-content\/uploads\/2020\/02\/HC3_700x700.jpg\" \/>\n\t<meta property=\"og:image:width\" content=\"700\" \/>\n\t<meta property=\"og:image:height\" content=\"700\" \/>\n\t<meta property=\"og:image:type\" content=\"image\/jpeg\" \/>\n<meta name=\"twitter:card\" content=\"summary_large_image\" \/>\n<script type=\"application\/ld+json\" class=\"yoast-schema-graph\">{\"@context\":\"https:\/\/schema.org\",\"@graph\":[{\"@type\":\"WebSite\",\"@id\":\"https:\/\/www.fibaro.is\/#website\",\"url\":\"https:\/\/www.fibaro.is\/\",\"name\":\"Fibaro h\\u00fasstj\\u00f3rnarkerfi\",\"description\":\"\",\"potentialAction\":[{\"@type\":\"SearchAction\",\"target\":{\"@type\":\"EntryPoint\",\"urlTemplate\":\"https:\/\/www.fibaro.is\/?s={search_term_string}\"},\"query-input\":\"required name=search_term_string\"}],\"inLanguage\":\"is\"},{\"@type\":\"ImageObject\",\"@id\":\"https:\/\/www.fibaro.is\/index.php\/vara\/home-center-3\/#primaryimage\",\"inLanguage\":\"is\",\"url\":\"https:\/\/www.fibaro.is\/wp-content\/uploads\/2020\/02\/HC3_700x700.jpg\",\"contentUrl\":\"https:\/\/www.fibaro.is\/wp-content\/uploads\/2020\/02\/HC3_700x700.jpg\",\"width\":700,\"height\":700},{\"@type\":\"WebPage\",\"@id\":\"https:\/\/www.fibaro.is\/index.php\/vara\/home-center-3\/#webpage\",\"url\":\"https:\/\/www.fibaro.is\/index.php\/vara\/home-center-3\/\",\"name\":\"Home Center 3 - Fibaro h\\u00fasstj\\u00f3rnarkerfi\",\"isPartOf\":{\"@id\":\"https:\/\/www.fibaro.is\/#website\"},\"primaryImageOfPage\":{\"@id\":\"https:\/\/www.fibaro.is\/index.php\/vara\/home-center-3\/#primaryimage\"},\"datePublished\":\"2020-02-18T08:28:00+00:00\",\"dateModified\":\"2020-05-24T20:10:45+00:00\",\"breadcrumb\":{\"@id\":\"https:\/\/www.fibaro.is\/index.php\/vara\/home-center-3\/#breadcrumb\"},\"inLanguage\":\"is\",\"potentialAction\":[{\"@type\":\"ReadAction\",\"target\":[\"https:\/\/www.fibaro.is\/index.php\/vara\/home-center-3\/\"]}]},{\"@type\":\"BreadcrumbList\",\"@id\":\"https:\/\/www.fibaro.is\/index.php\/vara\/home-center-3\/#breadcrumb\",\"itemListElement\":[{\"@type\":\"ListItem\",\"position\":1,\"name\":\"Home\",\"item\":\"https:\/\/www.fibaro.is\/\"},{\"@type\":\"ListItem\",\"position\":2,\"name\":\"V\\u00f6rur\",\"item\":\"https:\/\/www.fibaro.is\/index.php\/shop\/\"},{\"@type\":\"ListItem\",\"position\":3,\"name\":\"Home Center 3\"}]}]}<\/script>\n<!-- \/ Yoast SEO plugin. -->","yoast_head_json":{"title":"Home Center 3 - Fibaro h\u00fasstj\u00f3rnarkerfi","robots":{"index":"index","follow":"follow","max-snippet":"max-snippet:-1","max-image-preview":"max-image-preview:large","max-video-preview":"max-video-preview:-1"},"canonical":"https:\/\/www.fibaro.is\/index.php\/vara\/home-center-3\/","og_locale":"is_IS","og_type":"article","og_title":"Home Center 3 - Fibaro h\u00fasstj\u00f3rnarkerfi","og_description":"N\u00fdjasta stj\u00f3rnst\u00f6\u00f0in fr\u00e1 Fibaro.  N\u00e1nar um Home Center Lite vs Home Center 3  &nbsp;  &nbsp;","og_url":"https:\/\/www.fibaro.is\/index.php\/vara\/home-center-3\/","og_site_name":"Fibaro h\u00fasstj\u00f3rnarkerfi","article_modified_time":"2020-05-24T20:10:45+00:00","og_image":[{"width":700,"height":700,"url":"https:\/\/www.fibaro.is\/wp-content\/uploads\/2020\/02\/HC3_700x700.jpg","type":"image\/jpeg"}],"twitter_card":"summary_large_image","schema":{"@context":"https:\/\/schema.org","@graph":[{"@type":"WebSite","@id":"https:\/\/www.fibaro.is\/#website","url":"https:\/\/www.fibaro.is\/","name":"Fibaro h\u00fasstj\u00f3rnarkerfi","description":"","potentialAction":[{"@type":"SearchAction","target":{"@type":"EntryPoint","urlTemplate":"https:\/\/www.fibaro.is\/?s={search_term_string}"},"query-input":"required name=search_term_string"}],"inLanguage":"is"},{"@type":"ImageObject","@id":"https:\/\/www.fibaro.is\/index.php\/vara\/home-center-3\/#primaryimage","inLanguage":"is","url":"https:\/\/www.fibaro.is\/wp-content\/uploads\/2020\/02\/HC3_700x700.jpg","contentUrl":"https:\/\/www.fibaro.is\/wp-content\/uploads\/2020\/02\/HC3_700x700.jpg","width":700,"height":700},{"@type":"WebPage","@id":"https:\/\/www.fibaro.is\/index.php\/vara\/home-center-3\/#webpage","url":"https:\/\/www.fibaro.is\/index.php\/vara\/home-center-3\/","name":"Home Center 3 - Fibaro h\u00fasstj\u00f3rnarkerfi","isPartOf":{"@id":"https:\/\/www.fibaro.is\/#website"},"primaryImageOfPage":{"@id":"https:\/\/www.fibaro.is\/index.php\/vara\/home-center-3\/#primaryimage"},"datePublished":"2020-02-18T08:28:00+00:00","dateModified":"2020-05-24T20:10:45+00:00","breadcrumb":{"@id":"https:\/\/www.fibaro.is\/index.php\/vara\/home-center-3\/#breadcrumb"},"inLanguage":"is","potentialAction":[{"@type":"ReadAction","target":["https:\/\/www.fibaro.is\/index.php\/vara\/home-center-3\/"]}]},{"@type":"BreadcrumbList","@id":"https:\/\/www.fibaro.is\/index.php\/vara\/home-center-3\/#breadcrumb","itemListElement":[{"@type":"ListItem","position":1,"name":"Home","item":"https:\/\/www.fibaro.is\/"},{"@type":"ListItem","position":2,"name":"V\u00f6rur","item":"https:\/\/www.fibaro.is\/index.php\/shop\/"},{"@type":"ListItem","position":3,"name":"Home Center 3"}]}]}},"_links":{"self":[{"href":"https:\/\/www.fibaro.is\/index.php\/wp-json\/wp\/v2\/product\/210"}],"collection":[{"href":"https:\/\/www.fibaro.is\/index.php\/wp-json\/wp\/v2\/product"}],"about":[{"href":"https:\/\/www.fibaro.is\/index.php\/wp-json\/wp\/v2\/types\/product"}],"replies":[{"embeddable":true,"href":"https:\/\/www.fibaro.is\/index.php\/wp-json\/wp\/v2\/comments?post=210"}],"wp:featuredmedia":[{"embeddable":true,"href":"https:\/\/www.fibaro.is\/index.php\/wp-json\/wp\/v2\/media\/212"}],"wp:attachment":[{"href":"https:\/\/www.fibaro.is\/index.php\/wp-json\/wp\/v2\/media?parent=210"}],"wp:term":[{"taxonomy":"product_cat","embeddable":true,"href":"https:\/\/www.fibaro.is\/index.php\/wp-json\/wp\/v2\/product_cat?post=210"},{"taxonomy":"product_tag","embeddable":true,"href":"https:\/\/www.fibaro.is\/index.php\/wp-json\/wp\/v2\/product_tag?post=210"}],"curies":[{"name":"wp","href":"https:\/\/api.w.org\/{rel}","templated":true}]}}