{"id":23,"date":"2016-11-22T14:37:37","date_gmt":"2016-11-22T14:37:37","guid":{"rendered":"http:\/\/fibaro.is\/?post_type=product&#038;p=23"},"modified":"2020-08-12T22:49:08","modified_gmt":"2020-08-12T22:49:08","slug":"home-center","status":"publish","type":"product","link":"https:\/\/www.fibaro.is\/index.php\/vara\/home-center\/","title":{"rendered":"Home Center 2"},"content":{"rendered":"<p>Home Center 2 er heilinn \u00ed Fibaro kerfinu, e\u00f0a hva\u00f0a Z-Wave bygg\u00f0u heimastj\u00f3rnkerfi. Home Center 2 var hanna\u00f0 og \u00fer\u00f3a\u00f0 af verkfr\u00e6\u00f0ingum okkar, \u00feannig a\u00f0 vi\u00f0 g\u00e6tum framleitt marga einstaka eiginleika sem aldrei sj\u00e1st \u00ed samb\u00e6rilegum b\u00fana\u00f0i. Home Center 2 endurskilgreinir Z-Wave bygg\u00f0 heimastj\u00f3rnun og kynnir alv\u00f6ru Snjallheimili.<\/p>\n","protected":false},"excerpt":{"rendered":"<p><a href=\"http:\/\/www.fibaro.is\/index.php\/home-center-lite-vs-home-center-2\/\">N\u00e1nar <\/a>um Home Center Lite vs Home Center 2<\/p>\n","protected":false},"featured_media":97,"comment_status":"closed","ping_status":"closed","template":"","meta":{"_monsterinsights_skip_tracking":false,"_monsterinsights_sitenote_active":false,"_monsterinsights_sitenote_note":"","_monsterinsights_sitenote_category":0},"product_cat":[7],"product_tag":[],"yoast_head":"<!-- This site is optimized with the Yoast SEO plugin v17.9 - https:\/\/yoast.com\/wordpress\/plugins\/seo\/ -->\n<title>Home Center 2 - Fibaro h\u00fasstj\u00f3rnarkerfi<\/title>\n<meta name=\"robots\" content=\"index, follow, max-snippet:-1, max-image-preview:large, max-video-preview:-1\" \/>\n<link rel=\"canonical\" href=\"https:\/\/www.fibaro.is\/index.php\/vara\/home-center\/\" \/>\n<meta property=\"og:locale\" content=\"is_IS\" \/>\n<meta property=\"og:type\" content=\"article\" \/>\n<meta property=\"og:title\" content=\"Home Center 2 - Fibaro h\u00fasstj\u00f3rnarkerfi\" \/>\n<meta property=\"og:description\" content=\"N\u00e1nar um Home Center Lite vs Home Center 2\" \/>\n<meta property=\"og:url\" content=\"https:\/\/www.fibaro.is\/index.php\/vara\/home-center\/\" \/>\n<meta property=\"og:site_name\" content=\"Fibaro h\u00fasstj\u00f3rnarkerfi\" \/>\n<meta property=\"article:modified_time\" content=\"2020-08-12T22:49:08+00:00\" \/>\n<meta property=\"og:image\" content=\"https:\/\/www.fibaro.is\/wp-content\/uploads\/2016\/11\/HC2_Right.jpg\" \/>\n\t<meta property=\"og:image:width\" content=\"1000\" \/>\n\t<meta property=\"og:image:height\" content=\"1000\" \/>\n\t<meta property=\"og:image:type\" content=\"image\/jpeg\" \/>\n<meta name=\"twitter:card\" content=\"summary_large_image\" \/>\n<script type=\"application\/ld+json\" class=\"yoast-schema-graph\">{\"@context\":\"https:\/\/schema.org\",\"@graph\":[{\"@type\":\"WebSite\",\"@id\":\"https:\/\/www.fibaro.is\/#website\",\"url\":\"https:\/\/www.fibaro.is\/\",\"name\":\"Fibaro h\\u00fasstj\\u00f3rnarkerfi\",\"description\":\"\",\"potentialAction\":[{\"@type\":\"SearchAction\",\"target\":{\"@type\":\"EntryPoint\",\"urlTemplate\":\"https:\/\/www.fibaro.is\/?s={search_term_string}\"},\"query-input\":\"required name=search_term_string\"}],\"inLanguage\":\"is\"},{\"@type\":\"ImageObject\",\"@id\":\"https:\/\/www.fibaro.is\/index.php\/vara\/home-center\/#primaryimage\",\"inLanguage\":\"is\",\"url\":\"https:\/\/www.fibaro.is\/wp-content\/uploads\/2016\/11\/HC2_Right.jpg\",\"contentUrl\":\"https:\/\/www.fibaro.is\/wp-content\/uploads\/2016\/11\/HC2_Right.jpg\",\"width\":1000,\"height\":1000},{\"@type\":\"WebPage\",\"@id\":\"https:\/\/www.fibaro.is\/index.php\/vara\/home-center\/#webpage\",\"url\":\"https:\/\/www.fibaro.is\/index.php\/vara\/home-center\/\",\"name\":\"Home Center 2 - Fibaro h\\u00fasstj\\u00f3rnarkerfi\",\"isPartOf\":{\"@id\":\"https:\/\/www.fibaro.is\/#website\"},\"primaryImageOfPage\":{\"@id\":\"https:\/\/www.fibaro.is\/index.php\/vara\/home-center\/#primaryimage\"},\"datePublished\":\"2016-11-22T14:37:37+00:00\",\"dateModified\":\"2020-08-12T22:49:08+00:00\",\"breadcrumb\":{\"@id\":\"https:\/\/www.fibaro.is\/index.php\/vara\/home-center\/#breadcrumb\"},\"inLanguage\":\"is\",\"potentialAction\":[{\"@type\":\"ReadAction\",\"target\":[\"https:\/\/www.fibaro.is\/index.php\/vara\/home-center\/\"]}]},{\"@type\":\"BreadcrumbList\",\"@id\":\"https:\/\/www.fibaro.is\/index.php\/vara\/home-center\/#breadcrumb\",\"itemListElement\":[{\"@type\":\"ListItem\",\"position\":1,\"name\":\"Home\",\"item\":\"https:\/\/www.fibaro.is\/\"},{\"@type\":\"ListItem\",\"position\":2,\"name\":\"V\\u00f6rur\",\"item\":\"https:\/\/www.fibaro.is\/index.php\/shop\/\"},{\"@type\":\"ListItem\",\"position\":3,\"name\":\"Home Center 2\"}]}]}<\/script>\n<!-- \/ Yoast SEO plugin. -->","yoast_head_json":{"title":"Home Center 2 - Fibaro h\u00fasstj\u00f3rnarkerfi","robots":{"index":"index","follow":"follow","max-snippet":"max-snippet:-1","max-image-preview":"max-image-preview:large","max-video-preview":"max-video-preview:-1"},"canonical":"https:\/\/www.fibaro.is\/index.php\/vara\/home-center\/","og_locale":"is_IS","og_type":"article","og_title":"Home Center 2 - Fibaro h\u00fasstj\u00f3rnarkerfi","og_description":"N\u00e1nar um Home Center Lite vs Home Center 2","og_url":"https:\/\/www.fibaro.is\/index.php\/vara\/home-center\/","og_site_name":"Fibaro h\u00fasstj\u00f3rnarkerfi","article_modified_time":"2020-08-12T22:49:08+00:00","og_image":[{"width":1000,"height":1000,"url":"https:\/\/www.fibaro.is\/wp-content\/uploads\/2016\/11\/HC2_Right.jpg","type":"image\/jpeg"}],"twitter_card":"summary_large_image","schema":{"@context":"https:\/\/schema.org","@graph":[{"@type":"WebSite","@id":"https:\/\/www.fibaro.is\/#website","url":"https:\/\/www.fibaro.is\/","name":"Fibaro h\u00fasstj\u00f3rnarkerfi","description":"","potentialAction":[{"@type":"SearchAction","target":{"@type":"EntryPoint","urlTemplate":"https:\/\/www.fibaro.is\/?s={search_term_string}"},"query-input":"required name=search_term_string"}],"inLanguage":"is"},{"@type":"ImageObject","@id":"https:\/\/www.fibaro.is\/index.php\/vara\/home-center\/#primaryimage","inLanguage":"is","url":"https:\/\/www.fibaro.is\/wp-content\/uploads\/2016\/11\/HC2_Right.jpg","contentUrl":"https:\/\/www.fibaro.is\/wp-content\/uploads\/2016\/11\/HC2_Right.jpg","width":1000,"height":1000},{"@type":"WebPage","@id":"https:\/\/www.fibaro.is\/index.php\/vara\/home-center\/#webpage","url":"https:\/\/www.fibaro.is\/index.php\/vara\/home-center\/","name":"Home Center 2 - Fibaro h\u00fasstj\u00f3rnarkerfi","isPartOf":{"@id":"https:\/\/www.fibaro.is\/#website"},"primaryImageOfPage":{"@id":"https:\/\/www.fibaro.is\/index.php\/vara\/home-center\/#primaryimage"},"datePublished":"2016-11-22T14:37:37+00:00","dateModified":"2020-08-12T22:49:08+00:00","breadcrumb":{"@id":"https:\/\/www.fibaro.is\/index.php\/vara\/home-center\/#breadcrumb"},"inLanguage":"is","potentialAction":[{"@type":"ReadAction","target":["https:\/\/www.fibaro.is\/index.php\/vara\/home-center\/"]}]},{"@type":"BreadcrumbList","@id":"https:\/\/www.fibaro.is\/index.php\/vara\/home-center\/#breadcrumb","itemListElement":[{"@type":"ListItem","position":1,"name":"Home","item":"https:\/\/www.fibaro.is\/"},{"@type":"ListItem","position":2,"name":"V\u00f6rur","item":"https:\/\/www.fibaro.is\/index.php\/shop\/"},{"@type":"ListItem","position":3,"name":"Home Center 2"}]}]}},"_links":{"self":[{"href":"https:\/\/www.fibaro.is\/index.php\/wp-json\/wp\/v2\/product\/23"}],"collection":[{"href":"https:\/\/www.fibaro.is\/index.php\/wp-json\/wp\/v2\/product"}],"about":[{"href":"https:\/\/www.fibaro.is\/index.php\/wp-json\/wp\/v2\/types\/product"}],"replies":[{"embeddable":true,"href":"https:\/\/www.fibaro.is\/index.php\/wp-json\/wp\/v2\/comments?post=23"}],"wp:featuredmedia":[{"embeddable":true,"href":"https:\/\/www.fibaro.is\/index.php\/wp-json\/wp\/v2\/media\/97"}],"wp:attachment":[{"href":"https:\/\/www.fibaro.is\/index.php\/wp-json\/wp\/v2\/media?parent=23"}],"wp:term":[{"taxonomy":"product_cat","embeddable":true,"href":"https:\/\/www.fibaro.is\/index.php\/wp-json\/wp\/v2\/product_cat?post=23"},{"taxonomy":"product_tag","embeddable":true,"href":"https:\/\/www.fibaro.is\/index.php\/wp-json\/wp\/v2\/product_tag?post=23"}],"curies":[{"name":"wp","href":"https:\/\/api.w.org\/{rel}","templated":true}]}}