{"id":251,"date":"2020-08-13T19:42:38","date_gmt":"2020-08-13T19:42:38","guid":{"rendered":"http:\/\/www.fibaro.is\/?post_type=product&#038;p=251"},"modified":"2023-02-15T22:52:47","modified_gmt":"2023-02-15T22:52:47","slug":"cr123a-rafhlada","status":"publish","type":"product","link":"https:\/\/www.fibaro.is\/index.php\/vara\/cr123a-rafhlada\/","title":{"rendered":"CR123A rafhla\u00f0a"},"content":{"rendered":"","protected":false},"excerpt":{"rendered":"<p>Panasonic<\/p>\n<p>Lithium battery<\/p>\n<p>3V<\/p>\n","protected":false},"featured_media":252,"comment_status":"closed","ping_status":"closed","template":"","meta":{"_monsterinsights_skip_tracking":false,"_monsterinsights_sitenote_active":false,"_monsterinsights_sitenote_note":"","_monsterinsights_sitenote_category":0},"product_cat":[21],"product_tag":[],"yoast_head":"<!-- This site is optimized with the Yoast SEO plugin v17.9 - https:\/\/yoast.com\/wordpress\/plugins\/seo\/ -->\n<title>CR123A rafhla\u00f0a - Fibaro h\u00fasstj\u00f3rnarkerfi<\/title>\n<meta name=\"description\" content=\"CR123A rafhla\u00f0a \/ batter\u00fd\" \/>\n<meta name=\"robots\" content=\"index, follow, max-snippet:-1, max-image-preview:large, max-video-preview:-1\" \/>\n<link rel=\"canonical\" href=\"https:\/\/www.fibaro.is\/index.php\/vara\/cr123a-rafhlada\/\" \/>\n<meta property=\"og:locale\" content=\"is_IS\" \/>\n<meta property=\"og:type\" content=\"article\" \/>\n<meta property=\"og:title\" content=\"CR123A rafhla\u00f0a - Fibaro h\u00fasstj\u00f3rnarkerfi\" \/>\n<meta property=\"og:description\" content=\"CR123A rafhla\u00f0a \/ batter\u00fd\" \/>\n<meta property=\"og:url\" content=\"https:\/\/www.fibaro.is\/index.php\/vara\/cr123a-rafhlada\/\" \/>\n<meta property=\"og:site_name\" content=\"Fibaro h\u00fasstj\u00f3rnarkerfi\" \/>\n<meta property=\"article:modified_time\" content=\"2023-02-15T22:52:47+00:00\" \/>\n<meta property=\"og:image\" content=\"https:\/\/www.fibaro.is\/wp-content\/uploads\/2020\/08\/71A8YKMhB0L._AC_SL1500_.jpg\" \/>\n\t<meta property=\"og:image:width\" content=\"1067\" \/>\n\t<meta property=\"og:image:height\" content=\"1500\" \/>\n\t<meta property=\"og:image:type\" content=\"image\/jpeg\" \/>\n<meta name=\"twitter:card\" content=\"summary_large_image\" \/>\n<script type=\"application\/ld+json\" class=\"yoast-schema-graph\">{\"@context\":\"https:\/\/schema.org\",\"@graph\":[{\"@type\":\"WebSite\",\"@id\":\"https:\/\/www.fibaro.is\/#website\",\"url\":\"https:\/\/www.fibaro.is\/\",\"name\":\"Fibaro h\\u00fasstj\\u00f3rnarkerfi\",\"description\":\"\",\"potentialAction\":[{\"@type\":\"SearchAction\",\"target\":{\"@type\":\"EntryPoint\",\"urlTemplate\":\"https:\/\/www.fibaro.is\/?s={search_term_string}\"},\"query-input\":\"required name=search_term_string\"}],\"inLanguage\":\"is\"},{\"@type\":\"ImageObject\",\"@id\":\"https:\/\/www.fibaro.is\/index.php\/vara\/cr123a-rafhlada\/#primaryimage\",\"inLanguage\":\"is\",\"url\":\"https:\/\/www.fibaro.is\/wp-content\/uploads\/2020\/08\/71A8YKMhB0L._AC_SL1500_.jpg\",\"contentUrl\":\"https:\/\/www.fibaro.is\/wp-content\/uploads\/2020\/08\/71A8YKMhB0L._AC_SL1500_.jpg\",\"width\":1067,\"height\":1500,\"caption\":\"Panasonic CR123a rafhla\\u00f0a\"},{\"@type\":\"WebPage\",\"@id\":\"https:\/\/www.fibaro.is\/index.php\/vara\/cr123a-rafhlada\/#webpage\",\"url\":\"https:\/\/www.fibaro.is\/index.php\/vara\/cr123a-rafhlada\/\",\"name\":\"CR123A rafhla\\u00f0a - Fibaro h\\u00fasstj\\u00f3rnarkerfi\",\"isPartOf\":{\"@id\":\"https:\/\/www.fibaro.is\/#website\"},\"primaryImageOfPage\":{\"@id\":\"https:\/\/www.fibaro.is\/index.php\/vara\/cr123a-rafhlada\/#primaryimage\"},\"datePublished\":\"2020-08-13T19:42:38+00:00\",\"dateModified\":\"2023-02-15T22:52:47+00:00\",\"description\":\"CR123A rafhla\\u00f0a \/ batter\\u00fd\",\"breadcrumb\":{\"@id\":\"https:\/\/www.fibaro.is\/index.php\/vara\/cr123a-rafhlada\/#breadcrumb\"},\"inLanguage\":\"is\",\"potentialAction\":[{\"@type\":\"ReadAction\",\"target\":[\"https:\/\/www.fibaro.is\/index.php\/vara\/cr123a-rafhlada\/\"]}]},{\"@type\":\"BreadcrumbList\",\"@id\":\"https:\/\/www.fibaro.is\/index.php\/vara\/cr123a-rafhlada\/#breadcrumb\",\"itemListElement\":[{\"@type\":\"ListItem\",\"position\":1,\"name\":\"Home\",\"item\":\"https:\/\/www.fibaro.is\/\"},{\"@type\":\"ListItem\",\"position\":2,\"name\":\"V\\u00f6rur\",\"item\":\"https:\/\/www.fibaro.is\/index.php\/shop\/\"},{\"@type\":\"ListItem\",\"position\":3,\"name\":\"CR123A rafhla\\u00f0a\"}]}]}<\/script>\n<!-- \/ Yoast SEO plugin. -->","yoast_head_json":{"title":"CR123A rafhla\u00f0a - Fibaro h\u00fasstj\u00f3rnarkerfi","description":"CR123A rafhla\u00f0a \/ batter\u00fd","robots":{"index":"index","follow":"follow","max-snippet":"max-snippet:-1","max-image-preview":"max-image-preview:large","max-video-preview":"max-video-preview:-1"},"canonical":"https:\/\/www.fibaro.is\/index.php\/vara\/cr123a-rafhlada\/","og_locale":"is_IS","og_type":"article","og_title":"CR123A rafhla\u00f0a - Fibaro h\u00fasstj\u00f3rnarkerfi","og_description":"CR123A rafhla\u00f0a \/ batter\u00fd","og_url":"https:\/\/www.fibaro.is\/index.php\/vara\/cr123a-rafhlada\/","og_site_name":"Fibaro h\u00fasstj\u00f3rnarkerfi","article_modified_time":"2023-02-15T22:52:47+00:00","og_image":[{"width":1067,"height":1500,"url":"https:\/\/www.fibaro.is\/wp-content\/uploads\/2020\/08\/71A8YKMhB0L._AC_SL1500_.jpg","type":"image\/jpeg"}],"twitter_card":"summary_large_image","schema":{"@context":"https:\/\/schema.org","@graph":[{"@type":"WebSite","@id":"https:\/\/www.fibaro.is\/#website","url":"https:\/\/www.fibaro.is\/","name":"Fibaro h\u00fasstj\u00f3rnarkerfi","description":"","potentialAction":[{"@type":"SearchAction","target":{"@type":"EntryPoint","urlTemplate":"https:\/\/www.fibaro.is\/?s={search_term_string}"},"query-input":"required name=search_term_string"}],"inLanguage":"is"},{"@type":"ImageObject","@id":"https:\/\/www.fibaro.is\/index.php\/vara\/cr123a-rafhlada\/#primaryimage","inLanguage":"is","url":"https:\/\/www.fibaro.is\/wp-content\/uploads\/2020\/08\/71A8YKMhB0L._AC_SL1500_.jpg","contentUrl":"https:\/\/www.fibaro.is\/wp-content\/uploads\/2020\/08\/71A8YKMhB0L._AC_SL1500_.jpg","width":1067,"height":1500,"caption":"Panasonic CR123a rafhla\u00f0a"},{"@type":"WebPage","@id":"https:\/\/www.fibaro.is\/index.php\/vara\/cr123a-rafhlada\/#webpage","url":"https:\/\/www.fibaro.is\/index.php\/vara\/cr123a-rafhlada\/","name":"CR123A rafhla\u00f0a - Fibaro h\u00fasstj\u00f3rnarkerfi","isPartOf":{"@id":"https:\/\/www.fibaro.is\/#website"},"primaryImageOfPage":{"@id":"https:\/\/www.fibaro.is\/index.php\/vara\/cr123a-rafhlada\/#primaryimage"},"datePublished":"2020-08-13T19:42:38+00:00","dateModified":"2023-02-15T22:52:47+00:00","description":"CR123A rafhla\u00f0a \/ batter\u00fd","breadcrumb":{"@id":"https:\/\/www.fibaro.is\/index.php\/vara\/cr123a-rafhlada\/#breadcrumb"},"inLanguage":"is","potentialAction":[{"@type":"ReadAction","target":["https:\/\/www.fibaro.is\/index.php\/vara\/cr123a-rafhlada\/"]}]},{"@type":"BreadcrumbList","@id":"https:\/\/www.fibaro.is\/index.php\/vara\/cr123a-rafhlada\/#breadcrumb","itemListElement":[{"@type":"ListItem","position":1,"name":"Home","item":"https:\/\/www.fibaro.is\/"},{"@type":"ListItem","position":2,"name":"V\u00f6rur","item":"https:\/\/www.fibaro.is\/index.php\/shop\/"},{"@type":"ListItem","position":3,"name":"CR123A rafhla\u00f0a"}]}]}},"_links":{"self":[{"href":"https:\/\/www.fibaro.is\/index.php\/wp-json\/wp\/v2\/product\/251"}],"collection":[{"href":"https:\/\/www.fibaro.is\/index.php\/wp-json\/wp\/v2\/product"}],"about":[{"href":"https:\/\/www.fibaro.is\/index.php\/wp-json\/wp\/v2\/types\/product"}],"replies":[{"embeddable":true,"href":"https:\/\/www.fibaro.is\/index.php\/wp-json\/wp\/v2\/comments?post=251"}],"wp:featuredmedia":[{"embeddable":true,"href":"https:\/\/www.fibaro.is\/index.php\/wp-json\/wp\/v2\/media\/252"}],"wp:attachment":[{"href":"https:\/\/www.fibaro.is\/index.php\/wp-json\/wp\/v2\/media?parent=251"}],"wp:term":[{"taxonomy":"product_cat","embeddable":true,"href":"https:\/\/www.fibaro.is\/index.php\/wp-json\/wp\/v2\/product_cat?post=251"},{"taxonomy":"product_tag","embeddable":true,"href":"https:\/\/www.fibaro.is\/index.php\/wp-json\/wp\/v2\/product_tag?post=251"}],"curies":[{"name":"wp","href":"https:\/\/api.w.org\/{rel}","templated":true}]}}