{"id":45,"date":"2016-11-29T16:30:05","date_gmt":"2016-11-29T16:30:05","guid":{"rendered":"http:\/\/fibaro.is\/?post_type=product&#038;p=45"},"modified":"2023-05-16T17:36:25","modified_gmt":"2023-05-16T17:36:25","slug":"innstunga-2","status":"publish","type":"product","link":"https:\/\/www.fibaro.is\/index.php\/vara\/innstunga-2\/","title":{"rendered":"Innstunga (eldri t\u00fdpa)"},"content":{"rendered":"<p><iframe loading=\"lazy\" title=\"FIBARO Wall Plug - the smart outlet\" width=\"750\" height=\"422\" src=\"https:\/\/www.youtube.com\/embed\/hl1O6_fKuik?feature=oembed\" frameborder=\"0\" allow=\"accelerometer; autoplay; clipboard-write; encrypted-media; gyroscope; picture-in-picture\" allowfullscreen><\/iframe><\/p>\n","protected":false},"excerpt":{"rendered":"<p>Eldri t\u00fdpa sem er ekki Zwave Plus<\/p>\n<p>Afhendingart\u00edmi allt a\u00f0 4 dagar<\/p>\n","protected":false},"featured_media":286,"comment_status":"closed","ping_status":"closed","template":"","meta":{"_monsterinsights_skip_tracking":false,"_monsterinsights_sitenote_active":false,"_monsterinsights_sitenote_note":"","_monsterinsights_sitenote_category":0},"product_cat":[9],"product_tag":[],"yoast_head":"<!-- This site is optimized with the Yoast SEO plugin v17.9 - https:\/\/yoast.com\/wordpress\/plugins\/seo\/ -->\n<title>Innstunga (eldri t\u00fdpa) - Fibaro h\u00fasstj\u00f3rnarkerfi<\/title>\n<meta name=\"description\" content=\"Fibaro snjallinnstunga, gerir \u00fe\u00e9r kleift a\u00f0 kveikja og sl\u00f6kkva \u00e1 l\u00f6mpum og \u00f6\u00f0rum raft\u00e6kjum gegnum s\u00edmann \u00feinn.\" \/>\n<meta name=\"robots\" content=\"index, follow, max-snippet:-1, max-image-preview:large, max-video-preview:-1\" \/>\n<link rel=\"canonical\" href=\"https:\/\/www.fibaro.is\/index.php\/vara\/innstunga-2\/\" \/>\n<meta property=\"og:locale\" content=\"is_IS\" \/>\n<meta property=\"og:type\" content=\"article\" \/>\n<meta property=\"og:title\" content=\"Innstunga (eldri t\u00fdpa) - Fibaro h\u00fasstj\u00f3rnarkerfi\" \/>\n<meta property=\"og:description\" content=\"Fibaro snjallinnstunga, gerir \u00fe\u00e9r kleift a\u00f0 kveikja og sl\u00f6kkva \u00e1 l\u00f6mpum og \u00f6\u00f0rum raft\u00e6kjum gegnum s\u00edmann \u00feinn.\" \/>\n<meta property=\"og:url\" content=\"https:\/\/www.fibaro.is\/index.php\/vara\/innstunga-2\/\" \/>\n<meta property=\"og:site_name\" content=\"Fibaro h\u00fasstj\u00f3rnarkerfi\" \/>\n<meta property=\"article:modified_time\" content=\"2023-05-16T17:36:25+00:00\" \/>\n<meta property=\"og:image\" content=\"https:\/\/www.fibaro.is\/wp-content\/uploads\/2016\/11\/fibaro-wall-plug-type-f-fgwpf-102-zw5.jpg\" \/>\n\t<meta property=\"og:image:width\" content=\"700\" \/>\n\t<meta property=\"og:image:height\" content=\"800\" \/>\n\t<meta property=\"og:image:type\" content=\"image\/jpeg\" \/>\n<meta name=\"twitter:card\" content=\"summary_large_image\" \/>\n<script type=\"application\/ld+json\" class=\"yoast-schema-graph\">{\"@context\":\"https:\/\/schema.org\",\"@graph\":[{\"@type\":\"WebSite\",\"@id\":\"https:\/\/www.fibaro.is\/#website\",\"url\":\"https:\/\/www.fibaro.is\/\",\"name\":\"Fibaro h\\u00fasstj\\u00f3rnarkerfi\",\"description\":\"\",\"potentialAction\":[{\"@type\":\"SearchAction\",\"target\":{\"@type\":\"EntryPoint\",\"urlTemplate\":\"https:\/\/www.fibaro.is\/?s={search_term_string}\"},\"query-input\":\"required name=search_term_string\"}],\"inLanguage\":\"is\"},{\"@type\":\"ImageObject\",\"@id\":\"https:\/\/www.fibaro.is\/index.php\/vara\/innstunga-2\/#primaryimage\",\"inLanguage\":\"is\",\"url\":\"https:\/\/www.fibaro.is\/wp-content\/uploads\/2016\/11\/fibaro-wall-plug-type-f-fgwpf-102-zw5.jpg\",\"contentUrl\":\"https:\/\/www.fibaro.is\/wp-content\/uploads\/2016\/11\/fibaro-wall-plug-type-f-fgwpf-102-zw5.jpg\",\"width\":700,\"height\":800},{\"@type\":\"WebPage\",\"@id\":\"https:\/\/www.fibaro.is\/index.php\/vara\/innstunga-2\/#webpage\",\"url\":\"https:\/\/www.fibaro.is\/index.php\/vara\/innstunga-2\/\",\"name\":\"Innstunga (eldri t\\u00fdpa) - Fibaro h\\u00fasstj\\u00f3rnarkerfi\",\"isPartOf\":{\"@id\":\"https:\/\/www.fibaro.is\/#website\"},\"primaryImageOfPage\":{\"@id\":\"https:\/\/www.fibaro.is\/index.php\/vara\/innstunga-2\/#primaryimage\"},\"datePublished\":\"2016-11-29T16:30:05+00:00\",\"dateModified\":\"2023-05-16T17:36:25+00:00\",\"description\":\"Fibaro snjallinnstunga, gerir \\u00fe\\u00e9r kleift a\\u00f0 kveikja og sl\\u00f6kkva \\u00e1 l\\u00f6mpum og \\u00f6\\u00f0rum raft\\u00e6kjum gegnum s\\u00edmann \\u00feinn.\",\"breadcrumb\":{\"@id\":\"https:\/\/www.fibaro.is\/index.php\/vara\/innstunga-2\/#breadcrumb\"},\"inLanguage\":\"is\",\"potentialAction\":[{\"@type\":\"ReadAction\",\"target\":[\"https:\/\/www.fibaro.is\/index.php\/vara\/innstunga-2\/\"]}]},{\"@type\":\"BreadcrumbList\",\"@id\":\"https:\/\/www.fibaro.is\/index.php\/vara\/innstunga-2\/#breadcrumb\",\"itemListElement\":[{\"@type\":\"ListItem\",\"position\":1,\"name\":\"Home\",\"item\":\"https:\/\/www.fibaro.is\/\"},{\"@type\":\"ListItem\",\"position\":2,\"name\":\"V\\u00f6rur\",\"item\":\"https:\/\/www.fibaro.is\/index.php\/shop\/\"},{\"@type\":\"ListItem\",\"position\":3,\"name\":\"Innstunga (eldri t\\u00fdpa)\"}]}]}<\/script>\n<!-- \/ Yoast SEO plugin. -->","yoast_head_json":{"title":"Innstunga (eldri t\u00fdpa) - Fibaro h\u00fasstj\u00f3rnarkerfi","description":"Fibaro snjallinnstunga, gerir \u00fe\u00e9r kleift a\u00f0 kveikja og sl\u00f6kkva \u00e1 l\u00f6mpum og \u00f6\u00f0rum raft\u00e6kjum gegnum s\u00edmann \u00feinn.","robots":{"index":"index","follow":"follow","max-snippet":"max-snippet:-1","max-image-preview":"max-image-preview:large","max-video-preview":"max-video-preview:-1"},"canonical":"https:\/\/www.fibaro.is\/index.php\/vara\/innstunga-2\/","og_locale":"is_IS","og_type":"article","og_title":"Innstunga (eldri t\u00fdpa) - Fibaro h\u00fasstj\u00f3rnarkerfi","og_description":"Fibaro snjallinnstunga, gerir \u00fe\u00e9r kleift a\u00f0 kveikja og sl\u00f6kkva \u00e1 l\u00f6mpum og \u00f6\u00f0rum raft\u00e6kjum gegnum s\u00edmann \u00feinn.","og_url":"https:\/\/www.fibaro.is\/index.php\/vara\/innstunga-2\/","og_site_name":"Fibaro h\u00fasstj\u00f3rnarkerfi","article_modified_time":"2023-05-16T17:36:25+00:00","og_image":[{"width":700,"height":800,"url":"https:\/\/www.fibaro.is\/wp-content\/uploads\/2016\/11\/fibaro-wall-plug-type-f-fgwpf-102-zw5.jpg","type":"image\/jpeg"}],"twitter_card":"summary_large_image","schema":{"@context":"https:\/\/schema.org","@graph":[{"@type":"WebSite","@id":"https:\/\/www.fibaro.is\/#website","url":"https:\/\/www.fibaro.is\/","name":"Fibaro h\u00fasstj\u00f3rnarkerfi","description":"","potentialAction":[{"@type":"SearchAction","target":{"@type":"EntryPoint","urlTemplate":"https:\/\/www.fibaro.is\/?s={search_term_string}"},"query-input":"required name=search_term_string"}],"inLanguage":"is"},{"@type":"ImageObject","@id":"https:\/\/www.fibaro.is\/index.php\/vara\/innstunga-2\/#primaryimage","inLanguage":"is","url":"https:\/\/www.fibaro.is\/wp-content\/uploads\/2016\/11\/fibaro-wall-plug-type-f-fgwpf-102-zw5.jpg","contentUrl":"https:\/\/www.fibaro.is\/wp-content\/uploads\/2016\/11\/fibaro-wall-plug-type-f-fgwpf-102-zw5.jpg","width":700,"height":800},{"@type":"WebPage","@id":"https:\/\/www.fibaro.is\/index.php\/vara\/innstunga-2\/#webpage","url":"https:\/\/www.fibaro.is\/index.php\/vara\/innstunga-2\/","name":"Innstunga (eldri t\u00fdpa) - Fibaro h\u00fasstj\u00f3rnarkerfi","isPartOf":{"@id":"https:\/\/www.fibaro.is\/#website"},"primaryImageOfPage":{"@id":"https:\/\/www.fibaro.is\/index.php\/vara\/innstunga-2\/#primaryimage"},"datePublished":"2016-11-29T16:30:05+00:00","dateModified":"2023-05-16T17:36:25+00:00","description":"Fibaro snjallinnstunga, gerir \u00fe\u00e9r kleift a\u00f0 kveikja og sl\u00f6kkva \u00e1 l\u00f6mpum og \u00f6\u00f0rum raft\u00e6kjum gegnum s\u00edmann \u00feinn.","breadcrumb":{"@id":"https:\/\/www.fibaro.is\/index.php\/vara\/innstunga-2\/#breadcrumb"},"inLanguage":"is","potentialAction":[{"@type":"ReadAction","target":["https:\/\/www.fibaro.is\/index.php\/vara\/innstunga-2\/"]}]},{"@type":"BreadcrumbList","@id":"https:\/\/www.fibaro.is\/index.php\/vara\/innstunga-2\/#breadcrumb","itemListElement":[{"@type":"ListItem","position":1,"name":"Home","item":"https:\/\/www.fibaro.is\/"},{"@type":"ListItem","position":2,"name":"V\u00f6rur","item":"https:\/\/www.fibaro.is\/index.php\/shop\/"},{"@type":"ListItem","position":3,"name":"Innstunga (eldri t\u00fdpa)"}]}]}},"_links":{"self":[{"href":"https:\/\/www.fibaro.is\/index.php\/wp-json\/wp\/v2\/product\/45"}],"collection":[{"href":"https:\/\/www.fibaro.is\/index.php\/wp-json\/wp\/v2\/product"}],"about":[{"href":"https:\/\/www.fibaro.is\/index.php\/wp-json\/wp\/v2\/types\/product"}],"replies":[{"embeddable":true,"href":"https:\/\/www.fibaro.is\/index.php\/wp-json\/wp\/v2\/comments?post=45"}],"wp:featuredmedia":[{"embeddable":true,"href":"https:\/\/www.fibaro.is\/index.php\/wp-json\/wp\/v2\/media\/286"}],"wp:attachment":[{"href":"https:\/\/www.fibaro.is\/index.php\/wp-json\/wp\/v2\/media?parent=45"}],"wp:term":[{"taxonomy":"product_cat","embeddable":true,"href":"https:\/\/www.fibaro.is\/index.php\/wp-json\/wp\/v2\/product_cat?post=45"},{"taxonomy":"product_tag","embeddable":true,"href":"https:\/\/www.fibaro.is\/index.php\/wp-json\/wp\/v2\/product_tag?post=45"}],"curies":[{"name":"wp","href":"https:\/\/api.w.org\/{rel}","templated":true}]}}