{"id":66,"date":"2016-12-13T22:26:09","date_gmt":"2016-12-13T22:26:09","guid":{"rendered":"http:\/\/fibaro.is\/?post_type=product&#038;p=66"},"modified":"2020-08-12T22:44:59","modified_gmt":"2020-08-12T22:44:59","slug":"danfoss-krani","status":"publish","type":"product","link":"https:\/\/www.fibaro.is\/index.php\/vara\/danfoss-krani\/","title":{"rendered":"Danfoss ofnkrani"},"content":{"rendered":"<p><a href=\"http:\/\/fibaro.is\/wp-content\/uploads\/2016\/12\/living_eco_\u00edslenskar_uppsetningarlei\u00f0beiningar_VIFNO109.pdf\" target=\"_blank\" rel=\"noopener\">\u00cdslenskar lei\u00f0beiningar<\/a><\/p>\n","protected":false},"excerpt":{"rendered":"<p>Danfoss living connect\u00ae ofnkraninn tengist au\u00f0veldlega vi\u00f0 Fibaro st\u00f6\u00f0ina.<\/p>\n<p>RA og K hringir fylgja me\u00f0.<\/p>\n<p>Notist me\u00f0 hitanema, t.d. hreyfiskynjara e\u00f0a reykjskynjara<\/p>\n","protected":false},"featured_media":67,"comment_status":"closed","ping_status":"closed","template":"","meta":{"_monsterinsights_skip_tracking":false,"_monsterinsights_sitenote_active":false,"_monsterinsights_sitenote_note":"","_monsterinsights_sitenote_category":0},"product_cat":[9],"product_tag":[],"yoast_head":"<!-- This site is optimized with the Yoast SEO plugin v17.9 - https:\/\/yoast.com\/wordpress\/plugins\/seo\/ -->\n<title>Danfoss ofnkrani - Fibaro h\u00fasstj\u00f3rnarkerfi<\/title>\n<meta name=\"robots\" content=\"index, follow, max-snippet:-1, max-image-preview:large, max-video-preview:-1\" \/>\n<link rel=\"canonical\" href=\"https:\/\/www.fibaro.is\/index.php\/vara\/danfoss-krani\/\" \/>\n<meta property=\"og:locale\" content=\"is_IS\" \/>\n<meta property=\"og:type\" content=\"article\" \/>\n<meta property=\"og:title\" content=\"Danfoss ofnkrani - Fibaro h\u00fasstj\u00f3rnarkerfi\" \/>\n<meta property=\"og:description\" content=\"Danfoss living connect\u00ae ofnkraninn tengist au\u00f0veldlega vi\u00f0 Fibaro st\u00f6\u00f0ina.  RA og K hringir fylgja me\u00f0.  Notist me\u00f0 hitanema, t.d. hreyfiskynjara e\u00f0a reykjskynjara\" \/>\n<meta property=\"og:url\" content=\"https:\/\/www.fibaro.is\/index.php\/vara\/danfoss-krani\/\" \/>\n<meta property=\"og:site_name\" content=\"Fibaro h\u00fasstj\u00f3rnarkerfi\" \/>\n<meta property=\"article:modified_time\" content=\"2020-08-12T22:44:59+00:00\" \/>\n<meta property=\"og:image\" content=\"https:\/\/www.fibaro.is\/wp-content\/uploads\/2016\/12\/DanfossSingle1.jpg\" \/>\n\t<meta property=\"og:image:width\" content=\"900\" \/>\n\t<meta property=\"og:image:height\" content=\"900\" \/>\n\t<meta property=\"og:image:type\" content=\"image\/jpeg\" \/>\n<meta name=\"twitter:card\" content=\"summary_large_image\" \/>\n<script type=\"application\/ld+json\" class=\"yoast-schema-graph\">{\"@context\":\"https:\/\/schema.org\",\"@graph\":[{\"@type\":\"WebSite\",\"@id\":\"https:\/\/www.fibaro.is\/#website\",\"url\":\"https:\/\/www.fibaro.is\/\",\"name\":\"Fibaro h\\u00fasstj\\u00f3rnarkerfi\",\"description\":\"\",\"potentialAction\":[{\"@type\":\"SearchAction\",\"target\":{\"@type\":\"EntryPoint\",\"urlTemplate\":\"https:\/\/www.fibaro.is\/?s={search_term_string}\"},\"query-input\":\"required name=search_term_string\"}],\"inLanguage\":\"is\"},{\"@type\":\"ImageObject\",\"@id\":\"https:\/\/www.fibaro.is\/index.php\/vara\/danfoss-krani\/#primaryimage\",\"inLanguage\":\"is\",\"url\":\"https:\/\/www.fibaro.is\/wp-content\/uploads\/2016\/12\/DanfossSingle1.jpg\",\"contentUrl\":\"https:\/\/www.fibaro.is\/wp-content\/uploads\/2016\/12\/DanfossSingle1.jpg\",\"width\":900,\"height\":900},{\"@type\":\"WebPage\",\"@id\":\"https:\/\/www.fibaro.is\/index.php\/vara\/danfoss-krani\/#webpage\",\"url\":\"https:\/\/www.fibaro.is\/index.php\/vara\/danfoss-krani\/\",\"name\":\"Danfoss ofnkrani - Fibaro h\\u00fasstj\\u00f3rnarkerfi\",\"isPartOf\":{\"@id\":\"https:\/\/www.fibaro.is\/#website\"},\"primaryImageOfPage\":{\"@id\":\"https:\/\/www.fibaro.is\/index.php\/vara\/danfoss-krani\/#primaryimage\"},\"datePublished\":\"2016-12-13T22:26:09+00:00\",\"dateModified\":\"2020-08-12T22:44:59+00:00\",\"breadcrumb\":{\"@id\":\"https:\/\/www.fibaro.is\/index.php\/vara\/danfoss-krani\/#breadcrumb\"},\"inLanguage\":\"is\",\"potentialAction\":[{\"@type\":\"ReadAction\",\"target\":[\"https:\/\/www.fibaro.is\/index.php\/vara\/danfoss-krani\/\"]}]},{\"@type\":\"BreadcrumbList\",\"@id\":\"https:\/\/www.fibaro.is\/index.php\/vara\/danfoss-krani\/#breadcrumb\",\"itemListElement\":[{\"@type\":\"ListItem\",\"position\":1,\"name\":\"Home\",\"item\":\"https:\/\/www.fibaro.is\/\"},{\"@type\":\"ListItem\",\"position\":2,\"name\":\"V\\u00f6rur\",\"item\":\"https:\/\/www.fibaro.is\/index.php\/shop\/\"},{\"@type\":\"ListItem\",\"position\":3,\"name\":\"Danfoss ofnkrani\"}]}]}<\/script>\n<!-- \/ Yoast SEO plugin. -->","yoast_head_json":{"title":"Danfoss ofnkrani - Fibaro h\u00fasstj\u00f3rnarkerfi","robots":{"index":"index","follow":"follow","max-snippet":"max-snippet:-1","max-image-preview":"max-image-preview:large","max-video-preview":"max-video-preview:-1"},"canonical":"https:\/\/www.fibaro.is\/index.php\/vara\/danfoss-krani\/","og_locale":"is_IS","og_type":"article","og_title":"Danfoss ofnkrani - Fibaro h\u00fasstj\u00f3rnarkerfi","og_description":"Danfoss living connect\u00ae ofnkraninn tengist au\u00f0veldlega vi\u00f0 Fibaro st\u00f6\u00f0ina.  RA og K hringir fylgja me\u00f0.  Notist me\u00f0 hitanema, t.d. hreyfiskynjara e\u00f0a reykjskynjara","og_url":"https:\/\/www.fibaro.is\/index.php\/vara\/danfoss-krani\/","og_site_name":"Fibaro h\u00fasstj\u00f3rnarkerfi","article_modified_time":"2020-08-12T22:44:59+00:00","og_image":[{"width":900,"height":900,"url":"https:\/\/www.fibaro.is\/wp-content\/uploads\/2016\/12\/DanfossSingle1.jpg","type":"image\/jpeg"}],"twitter_card":"summary_large_image","schema":{"@context":"https:\/\/schema.org","@graph":[{"@type":"WebSite","@id":"https:\/\/www.fibaro.is\/#website","url":"https:\/\/www.fibaro.is\/","name":"Fibaro h\u00fasstj\u00f3rnarkerfi","description":"","potentialAction":[{"@type":"SearchAction","target":{"@type":"EntryPoint","urlTemplate":"https:\/\/www.fibaro.is\/?s={search_term_string}"},"query-input":"required name=search_term_string"}],"inLanguage":"is"},{"@type":"ImageObject","@id":"https:\/\/www.fibaro.is\/index.php\/vara\/danfoss-krani\/#primaryimage","inLanguage":"is","url":"https:\/\/www.fibaro.is\/wp-content\/uploads\/2016\/12\/DanfossSingle1.jpg","contentUrl":"https:\/\/www.fibaro.is\/wp-content\/uploads\/2016\/12\/DanfossSingle1.jpg","width":900,"height":900},{"@type":"WebPage","@id":"https:\/\/www.fibaro.is\/index.php\/vara\/danfoss-krani\/#webpage","url":"https:\/\/www.fibaro.is\/index.php\/vara\/danfoss-krani\/","name":"Danfoss ofnkrani - Fibaro h\u00fasstj\u00f3rnarkerfi","isPartOf":{"@id":"https:\/\/www.fibaro.is\/#website"},"primaryImageOfPage":{"@id":"https:\/\/www.fibaro.is\/index.php\/vara\/danfoss-krani\/#primaryimage"},"datePublished":"2016-12-13T22:26:09+00:00","dateModified":"2020-08-12T22:44:59+00:00","breadcrumb":{"@id":"https:\/\/www.fibaro.is\/index.php\/vara\/danfoss-krani\/#breadcrumb"},"inLanguage":"is","potentialAction":[{"@type":"ReadAction","target":["https:\/\/www.fibaro.is\/index.php\/vara\/danfoss-krani\/"]}]},{"@type":"BreadcrumbList","@id":"https:\/\/www.fibaro.is\/index.php\/vara\/danfoss-krani\/#breadcrumb","itemListElement":[{"@type":"ListItem","position":1,"name":"Home","item":"https:\/\/www.fibaro.is\/"},{"@type":"ListItem","position":2,"name":"V\u00f6rur","item":"https:\/\/www.fibaro.is\/index.php\/shop\/"},{"@type":"ListItem","position":3,"name":"Danfoss ofnkrani"}]}]}},"_links":{"self":[{"href":"https:\/\/www.fibaro.is\/index.php\/wp-json\/wp\/v2\/product\/66"}],"collection":[{"href":"https:\/\/www.fibaro.is\/index.php\/wp-json\/wp\/v2\/product"}],"about":[{"href":"https:\/\/www.fibaro.is\/index.php\/wp-json\/wp\/v2\/types\/product"}],"replies":[{"embeddable":true,"href":"https:\/\/www.fibaro.is\/index.php\/wp-json\/wp\/v2\/comments?post=66"}],"wp:featuredmedia":[{"embeddable":true,"href":"https:\/\/www.fibaro.is\/index.php\/wp-json\/wp\/v2\/media\/67"}],"wp:attachment":[{"href":"https:\/\/www.fibaro.is\/index.php\/wp-json\/wp\/v2\/media?parent=66"}],"wp:term":[{"taxonomy":"product_cat","embeddable":true,"href":"https:\/\/www.fibaro.is\/index.php\/wp-json\/wp\/v2\/product_cat?post=66"},{"taxonomy":"product_tag","embeddable":true,"href":"https:\/\/www.fibaro.is\/index.php\/wp-json\/wp\/v2\/product_tag?post=66"}],"curies":[{"name":"wp","href":"https:\/\/api.w.org\/{rel}","templated":true}]}}