{"id":80,"date":"2016-12-17T00:22:00","date_gmt":"2016-12-17T00:22:00","guid":{"rendered":"http:\/\/fibaro.is\/?post_type=product&#038;p=80"},"modified":"2020-12-21T18:34:03","modified_gmt":"2020-12-21T18:34:03","slug":"hurda-og-gluggaskynjari","status":"publish","type":"product","link":"https:\/\/www.fibaro.is\/index.php\/vara\/hurda-og-gluggaskynjari\/","title":{"rendered":"Hur\u00f0a og gluggaskynjari 2"},"content":{"rendered":"<p>The Door \/ Window Sensor is a battery powered reed sensor that expands the capabilities of the system by monitoring the state of doors, windows, garages and other apertures. The sensor can be used to automatically turn a light on when you enter a room, guard against unauthorised access, warn you if you leave your front door open when you leave the house or even reduce your heating bills by excluding zones with open windows from the heating programme. The Door\/Window sensor includes support for an optional temperature sensor.<\/p>\n","protected":false},"excerpt":{"rendered":"<p>The Door \/ Window Sensor is a battery powered reed sensor that expands the capabilities of the system by monitoring the state of doors, windows, garages and other apertures. The sensor can be used to automatically turn a light on<\/p>\n","protected":false},"featured_media":88,"comment_status":"closed","ping_status":"closed","template":"","meta":{"_monsterinsights_skip_tracking":false,"_monsterinsights_sitenote_active":false,"_monsterinsights_sitenote_note":"","_monsterinsights_sitenote_category":0},"product_cat":[8],"product_tag":[],"yoast_head":"<!-- This site is optimized with the Yoast SEO plugin v17.9 - https:\/\/yoast.com\/wordpress\/plugins\/seo\/ -->\n<title>Hur\u00f0a og gluggaskynjari 2 - Fibaro h\u00fasstj\u00f3rnarkerfi<\/title>\n<meta name=\"robots\" content=\"index, follow, max-snippet:-1, max-image-preview:large, max-video-preview:-1\" \/>\n<link rel=\"canonical\" href=\"https:\/\/www.fibaro.is\/index.php\/vara\/hurda-og-gluggaskynjari\/\" \/>\n<meta property=\"og:locale\" content=\"is_IS\" \/>\n<meta property=\"og:type\" content=\"article\" \/>\n<meta property=\"og:title\" content=\"Hur\u00f0a og gluggaskynjari 2 - Fibaro h\u00fasstj\u00f3rnarkerfi\" \/>\n<meta property=\"og:description\" content=\"The Door \/ Window Sensor is a battery powered reed sensor that expands the capabilities of the system by monitoring the state of doors, windows, garages and other apertures. The sensor can be used to automatically turn a light on\" \/>\n<meta property=\"og:url\" content=\"https:\/\/www.fibaro.is\/index.php\/vara\/hurda-og-gluggaskynjari\/\" \/>\n<meta property=\"og:site_name\" content=\"Fibaro h\u00fasstj\u00f3rnarkerfi\" \/>\n<meta property=\"article:modified_time\" content=\"2020-12-21T18:34:03+00:00\" \/>\n<meta property=\"og:image\" content=\"https:\/\/www.fibaro.is\/wp-content\/uploads\/2016\/12\/FGK-101_Right.jpg\" \/>\n\t<meta property=\"og:image:width\" content=\"1000\" \/>\n\t<meta property=\"og:image:height\" content=\"1000\" \/>\n\t<meta property=\"og:image:type\" content=\"image\/jpeg\" \/>\n<meta name=\"twitter:card\" content=\"summary_large_image\" \/>\n<script type=\"application\/ld+json\" class=\"yoast-schema-graph\">{\"@context\":\"https:\/\/schema.org\",\"@graph\":[{\"@type\":\"WebSite\",\"@id\":\"https:\/\/www.fibaro.is\/#website\",\"url\":\"https:\/\/www.fibaro.is\/\",\"name\":\"Fibaro h\\u00fasstj\\u00f3rnarkerfi\",\"description\":\"\",\"potentialAction\":[{\"@type\":\"SearchAction\",\"target\":{\"@type\":\"EntryPoint\",\"urlTemplate\":\"https:\/\/www.fibaro.is\/?s={search_term_string}\"},\"query-input\":\"required name=search_term_string\"}],\"inLanguage\":\"is\"},{\"@type\":\"ImageObject\",\"@id\":\"https:\/\/www.fibaro.is\/index.php\/vara\/hurda-og-gluggaskynjari\/#primaryimage\",\"inLanguage\":\"is\",\"url\":\"https:\/\/www.fibaro.is\/wp-content\/uploads\/2016\/12\/FGK-101_Right.jpg\",\"contentUrl\":\"https:\/\/www.fibaro.is\/wp-content\/uploads\/2016\/12\/FGK-101_Right.jpg\",\"width\":1000,\"height\":1000},{\"@type\":\"WebPage\",\"@id\":\"https:\/\/www.fibaro.is\/index.php\/vara\/hurda-og-gluggaskynjari\/#webpage\",\"url\":\"https:\/\/www.fibaro.is\/index.php\/vara\/hurda-og-gluggaskynjari\/\",\"name\":\"Hur\\u00f0a og gluggaskynjari 2 - Fibaro h\\u00fasstj\\u00f3rnarkerfi\",\"isPartOf\":{\"@id\":\"https:\/\/www.fibaro.is\/#website\"},\"primaryImageOfPage\":{\"@id\":\"https:\/\/www.fibaro.is\/index.php\/vara\/hurda-og-gluggaskynjari\/#primaryimage\"},\"datePublished\":\"2016-12-17T00:22:00+00:00\",\"dateModified\":\"2020-12-21T18:34:03+00:00\",\"breadcrumb\":{\"@id\":\"https:\/\/www.fibaro.is\/index.php\/vara\/hurda-og-gluggaskynjari\/#breadcrumb\"},\"inLanguage\":\"is\",\"potentialAction\":[{\"@type\":\"ReadAction\",\"target\":[\"https:\/\/www.fibaro.is\/index.php\/vara\/hurda-og-gluggaskynjari\/\"]}]},{\"@type\":\"BreadcrumbList\",\"@id\":\"https:\/\/www.fibaro.is\/index.php\/vara\/hurda-og-gluggaskynjari\/#breadcrumb\",\"itemListElement\":[{\"@type\":\"ListItem\",\"position\":1,\"name\":\"Home\",\"item\":\"https:\/\/www.fibaro.is\/\"},{\"@type\":\"ListItem\",\"position\":2,\"name\":\"V\\u00f6rur\",\"item\":\"https:\/\/www.fibaro.is\/index.php\/shop\/\"},{\"@type\":\"ListItem\",\"position\":3,\"name\":\"Hur\\u00f0a og gluggaskynjari 2\"}]}]}<\/script>\n<!-- \/ Yoast SEO plugin. -->","yoast_head_json":{"title":"Hur\u00f0a og gluggaskynjari 2 - Fibaro h\u00fasstj\u00f3rnarkerfi","robots":{"index":"index","follow":"follow","max-snippet":"max-snippet:-1","max-image-preview":"max-image-preview:large","max-video-preview":"max-video-preview:-1"},"canonical":"https:\/\/www.fibaro.is\/index.php\/vara\/hurda-og-gluggaskynjari\/","og_locale":"is_IS","og_type":"article","og_title":"Hur\u00f0a og gluggaskynjari 2 - Fibaro h\u00fasstj\u00f3rnarkerfi","og_description":"The Door \/ Window Sensor is a battery powered reed sensor that expands the capabilities of the system by monitoring the state of doors, windows, garages and other apertures. The sensor can be used to automatically turn a light on","og_url":"https:\/\/www.fibaro.is\/index.php\/vara\/hurda-og-gluggaskynjari\/","og_site_name":"Fibaro h\u00fasstj\u00f3rnarkerfi","article_modified_time":"2020-12-21T18:34:03+00:00","og_image":[{"width":1000,"height":1000,"url":"https:\/\/www.fibaro.is\/wp-content\/uploads\/2016\/12\/FGK-101_Right.jpg","type":"image\/jpeg"}],"twitter_card":"summary_large_image","schema":{"@context":"https:\/\/schema.org","@graph":[{"@type":"WebSite","@id":"https:\/\/www.fibaro.is\/#website","url":"https:\/\/www.fibaro.is\/","name":"Fibaro h\u00fasstj\u00f3rnarkerfi","description":"","potentialAction":[{"@type":"SearchAction","target":{"@type":"EntryPoint","urlTemplate":"https:\/\/www.fibaro.is\/?s={search_term_string}"},"query-input":"required name=search_term_string"}],"inLanguage":"is"},{"@type":"ImageObject","@id":"https:\/\/www.fibaro.is\/index.php\/vara\/hurda-og-gluggaskynjari\/#primaryimage","inLanguage":"is","url":"https:\/\/www.fibaro.is\/wp-content\/uploads\/2016\/12\/FGK-101_Right.jpg","contentUrl":"https:\/\/www.fibaro.is\/wp-content\/uploads\/2016\/12\/FGK-101_Right.jpg","width":1000,"height":1000},{"@type":"WebPage","@id":"https:\/\/www.fibaro.is\/index.php\/vara\/hurda-og-gluggaskynjari\/#webpage","url":"https:\/\/www.fibaro.is\/index.php\/vara\/hurda-og-gluggaskynjari\/","name":"Hur\u00f0a og gluggaskynjari 2 - Fibaro h\u00fasstj\u00f3rnarkerfi","isPartOf":{"@id":"https:\/\/www.fibaro.is\/#website"},"primaryImageOfPage":{"@id":"https:\/\/www.fibaro.is\/index.php\/vara\/hurda-og-gluggaskynjari\/#primaryimage"},"datePublished":"2016-12-17T00:22:00+00:00","dateModified":"2020-12-21T18:34:03+00:00","breadcrumb":{"@id":"https:\/\/www.fibaro.is\/index.php\/vara\/hurda-og-gluggaskynjari\/#breadcrumb"},"inLanguage":"is","potentialAction":[{"@type":"ReadAction","target":["https:\/\/www.fibaro.is\/index.php\/vara\/hurda-og-gluggaskynjari\/"]}]},{"@type":"BreadcrumbList","@id":"https:\/\/www.fibaro.is\/index.php\/vara\/hurda-og-gluggaskynjari\/#breadcrumb","itemListElement":[{"@type":"ListItem","position":1,"name":"Home","item":"https:\/\/www.fibaro.is\/"},{"@type":"ListItem","position":2,"name":"V\u00f6rur","item":"https:\/\/www.fibaro.is\/index.php\/shop\/"},{"@type":"ListItem","position":3,"name":"Hur\u00f0a og gluggaskynjari 2"}]}]}},"_links":{"self":[{"href":"https:\/\/www.fibaro.is\/index.php\/wp-json\/wp\/v2\/product\/80"}],"collection":[{"href":"https:\/\/www.fibaro.is\/index.php\/wp-json\/wp\/v2\/product"}],"about":[{"href":"https:\/\/www.fibaro.is\/index.php\/wp-json\/wp\/v2\/types\/product"}],"replies":[{"embeddable":true,"href":"https:\/\/www.fibaro.is\/index.php\/wp-json\/wp\/v2\/comments?post=80"}],"wp:featuredmedia":[{"embeddable":true,"href":"https:\/\/www.fibaro.is\/index.php\/wp-json\/wp\/v2\/media\/88"}],"wp:attachment":[{"href":"https:\/\/www.fibaro.is\/index.php\/wp-json\/wp\/v2\/media?parent=80"}],"wp:term":[{"taxonomy":"product_cat","embeddable":true,"href":"https:\/\/www.fibaro.is\/index.php\/wp-json\/wp\/v2\/product_cat?post=80"},{"taxonomy":"product_tag","embeddable":true,"href":"https:\/\/www.fibaro.is\/index.php\/wp-json\/wp\/v2\/product_tag?post=80"}],"curies":[{"name":"wp","href":"https:\/\/api.w.org\/{rel}","templated":true}]}}